{"id":281,"date":"2020-09-10T11:28:04","date_gmt":"2020-09-10T11:28:04","guid":{"rendered":"http:\/\/cosybloom.ch\/?page_id=281"},"modified":"2024-04-14T23:18:41","modified_gmt":"2024-04-14T21:18:41","slug":"about","status":"publish","type":"page","link":"https:\/\/cosybloom.ch\/it\/chi-siamo\/","title":{"rendered":"Chi siamo"},"content":{"rendered":"\t\t<div data-elementor-type=\"wp-page\" data-elementor-id=\"281\" class=\"elementor elementor-281\">\n\t\t\t\t<div class=\"elementor-element elementor-element-45d1dd5b e-flex e-con-boxed e-con e-parent\" data-id=\"45d1dd5b\" data-element_type=\"container\" data-e-type=\"container\">\n\t\t\t\t\t<div class=\"e-con-inner\">\n\t\t\t\t\t<\/div>\n\t\t\t\t<\/div>\n\t\t<div class=\"elementor-element elementor-element-c37a468 e-flex e-con-boxed e-con e-parent\" data-id=\"c37a468\" data-element_type=\"container\" data-e-type=\"container\">\n\t\t\t\t\t<div class=\"e-con-inner\">\n\t\t\t\t<div class=\"elementor-element elementor-element-8aec960 elementor-widget elementor-widget-heading\" data-id=\"8aec960\" data-element_type=\"widget\" data-e-type=\"widget\" data-widget_type=\"heading.default\">\n\t\t\t\t<div class=\"elementor-widget-container\">\n\t\t\t\t\t<h1 class=\"elementor-heading-title elementor-size-default\">\u00dcBER UNS<\/h1>\t\t\t\t<\/div>\n\t\t\t\t<\/div>\n\t\t\t\t\t<\/div>\n\t\t\t\t<\/div>\n\t\t<div class=\"elementor-element elementor-element-77f6b35 e-flex e-con-boxed e-con e-parent\" data-id=\"77f6b35\" data-element_type=\"container\" data-e-type=\"container\">\n\t\t\t\t\t<div class=\"e-con-inner\">\n\t\t\t\t<div class=\"elementor-element elementor-element-983e2f8 elementor-widget elementor-widget-heading\" data-id=\"983e2f8\" data-element_type=\"widget\" data-e-type=\"widget\" data-widget_type=\"heading.default\">\n\t\t\t\t<div class=\"elementor-widget-container\">\n\t\t\t\t\t<h2 class=\"elementor-heading-title elementor-size-default\">Herzlich willkommen<\/h2>\t\t\t\t<\/div>\n\t\t\t\t<\/div>\n\t\t\t\t\t<\/div>\n\t\t\t\t<\/div>\n\t\t<div class=\"elementor-element elementor-element-77dbe85 e-flex e-con-boxed e-con e-parent\" data-id=\"77dbe85\" data-element_type=\"container\" data-e-type=\"container\">\n\t\t\t\t\t<div class=\"e-con-inner\">\n\t\t<div class=\"elementor-element elementor-element-cc7b287 e-con-full e-flex e-con e-child\" data-id=\"cc7b287\" data-element_type=\"container\" data-e-type=\"container\">\n\t\t\t\t<div class=\"elementor-element elementor-element-9b2cf3d elementor-widget elementor-widget-image\" data-id=\"9b2cf3d\" data-element_type=\"widget\" data-e-type=\"widget\" data-widget_type=\"image.default\">\n\t\t\t\t<div class=\"elementor-widget-container\">\n\t\t\t\t\t\t\t\t\t\t\t\t\t\t\t<img fetchpriority=\"high\" decoding=\"async\" width=\"1024\" height=\"683\" src=\"https:\/\/cosybloom.ch\/wp-content\/uploads\/2024\/03\/cosy-1-1024x683.jpg\" class=\"attachment-large size-large wp-image-402\" alt=\"\" srcset=\"https:\/\/cosybloom.ch\/wp-content\/uploads\/2024\/03\/cosy-1-1024x683.jpg 1024w, https:\/\/cosybloom.ch\/wp-content\/uploads\/2024\/03\/cosy-1-scaled-1000x667.jpg 1000w, https:\/\/cosybloom.ch\/wp-content\/uploads\/2024\/03\/cosy-1-300x200.jpg 300w, https:\/\/cosybloom.ch\/wp-content\/uploads\/2024\/03\/cosy-1-768x512.jpg 768w, https:\/\/cosybloom.ch\/wp-content\/uploads\/2024\/03\/cosy-1-1536x1024.jpg 1536w, https:\/\/cosybloom.ch\/wp-content\/uploads\/2024\/03\/cosy-1-2048x1365.jpg 2048w, https:\/\/cosybloom.ch\/wp-content\/uploads\/2024\/03\/cosy-1-930x620.jpg 930w\" sizes=\"(max-width: 1024px) 100vw, 1024px\" \/>\t\t\t\t\t\t\t\t\t\t\t\t\t\t\t<\/div>\n\t\t\t\t<\/div>\n\t\t\t\t<\/div>\n\t\t<div class=\"elementor-element elementor-element-444519f e-con-full e-flex e-con e-child\" data-id=\"444519f\" data-element_type=\"container\" data-e-type=\"container\">\n\t\t\t\t<div class=\"elementor-element elementor-element-08c1e37 elementor-widget elementor-widget-image\" data-id=\"08c1e37\" data-element_type=\"widget\" data-e-type=\"widget\" data-widget_type=\"image.default\">\n\t\t\t\t<div class=\"elementor-widget-container\">\n\t\t\t\t\t\t\t\t\t\t\t\t\t\t\t<img decoding=\"async\" width=\"549\" height=\"980\" src=\"https:\/\/cosybloom.ch\/wp-content\/uploads\/2024\/03\/cozy-2.jpg\" class=\"attachment-large size-large wp-image-403\" alt=\"\" srcset=\"https:\/\/cosybloom.ch\/wp-content\/uploads\/2024\/03\/cozy-2.jpg 549w, https:\/\/cosybloom.ch\/wp-content\/uploads\/2024\/03\/cozy-2-168x300.jpg 168w\" sizes=\"(max-width: 549px) 100vw, 549px\" \/>\t\t\t\t\t\t\t\t\t\t\t\t\t\t\t<\/div>\n\t\t\t\t<\/div>\n\t\t\t\t<\/div>\n\t\t<div class=\"elementor-element elementor-element-dbf560a e-con-full e-flex e-con e-child\" data-id=\"dbf560a\" data-element_type=\"container\" data-e-type=\"container\">\n\t\t\t\t<div class=\"elementor-element elementor-element-d0a5b1b elementor-widget elementor-widget-image\" data-id=\"d0a5b1b\" data-element_type=\"widget\" data-e-type=\"widget\" data-widget_type=\"image.default\">\n\t\t\t\t<div class=\"elementor-widget-container\">\n\t\t\t\t\t\t\t\t\t\t\t\t\t\t\t<img decoding=\"async\" width=\"549\" height=\"980\" src=\"https:\/\/cosybloom.ch\/wp-content\/uploads\/2024\/03\/cosy-3.jpg\" class=\"attachment-large size-large wp-image-405\" alt=\"\" srcset=\"https:\/\/cosybloom.ch\/wp-content\/uploads\/2024\/03\/cosy-3.jpg 549w, https:\/\/cosybloom.ch\/wp-content\/uploads\/2024\/03\/cosy-3-168x300.jpg 168w\" sizes=\"(max-width: 549px) 100vw, 549px\" \/>\t\t\t\t\t\t\t\t\t\t\t\t\t\t\t<\/div>\n\t\t\t\t<\/div>\n\t\t\t\t<\/div>\n\t\t<div class=\"elementor-element elementor-element-97fba61 e-con-full e-flex e-con e-child\" data-id=\"97fba61\" data-element_type=\"container\" data-e-type=\"container\">\n\t\t\t\t<div class=\"elementor-element elementor-element-6306e27 elementor-widget elementor-widget-image\" data-id=\"6306e27\" data-element_type=\"widget\" data-e-type=\"widget\" data-widget_type=\"image.default\">\n\t\t\t\t<div class=\"elementor-widget-container\">\n\t\t\t\t\t\t\t\t\t\t\t\t\t\t\t<img loading=\"lazy\" decoding=\"async\" width=\"1024\" height=\"683\" src=\"https:\/\/cosybloom.ch\/wp-content\/uploads\/2024\/03\/cosy-4-1024x683.jpg\" class=\"attachment-large size-large wp-image-406\" alt=\"\" srcset=\"https:\/\/cosybloom.ch\/wp-content\/uploads\/2024\/03\/cosy-4-1024x683.jpg 1024w, https:\/\/cosybloom.ch\/wp-content\/uploads\/2024\/03\/cosy-4-1000x667.jpg 1000w, https:\/\/cosybloom.ch\/wp-content\/uploads\/2024\/03\/cosy-4-300x200.jpg 300w, https:\/\/cosybloom.ch\/wp-content\/uploads\/2024\/03\/cosy-4-768x512.jpg 768w, https:\/\/cosybloom.ch\/wp-content\/uploads\/2024\/03\/cosy-4-930x620.jpg 930w, https:\/\/cosybloom.ch\/wp-content\/uploads\/2024\/03\/cosy-4.jpg 1500w\" sizes=\"(max-width: 1024px) 100vw, 1024px\" \/>\t\t\t\t\t\t\t\t\t\t\t\t\t\t\t<\/div>\n\t\t\t\t<\/div>\n\t\t\t\t<\/div>\n\t\t\t\t\t<\/div>\n\t\t\t\t<\/div>\n\t\t<div class=\"elementor-element elementor-element-aa170b8 e-flex e-con-boxed e-con e-parent\" data-id=\"aa170b8\" data-element_type=\"container\" data-e-type=\"container\">\n\t\t\t\t\t<div class=\"e-con-inner\">\n\t\t\t\t<div class=\"elementor-element elementor-element-a866959 elementor-widget elementor-widget-text-editor\" data-id=\"a866959\" data-element_type=\"widget\" data-e-type=\"widget\" data-widget_type=\"text-editor.default\">\n\t\t\t\t<div class=\"elementor-widget-container\">\n\t\t\t\t\t\t\t\t\t<p>Informazioni su COSY BLOOM<\/p><p>Noi di COSY BLOOM crediamo nel potere trasformativo del profumo per trasformare i momenti quotidiani in esperienze straordinarie. Fondati sulla passione per la creazione di fragranze di lusso e accessori per la casa, ci sforziamo di incorporare bellezza, eleganza e innovazione in ogni prodotto che offriamo.<\/p><p>La nostra storia<\/p><p>COSY BLOOM \u00e8 nato da un amore condiviso per l&#8217;arte, l&#8217;artigianato e l&#8217;incantevole fascino del profumo. Il nostro viaggio \u00e8 iniziato con il semplice desiderio di creare candele e fragranze per la casa di alta qualit\u00e0 che non solo catturino i sensi, ma portino anche calore e atmosfera negli spazi abitativi.<\/p><p>Spinti dall&#8217;impegno per la qualit\u00e0 e la creativit\u00e0, selezioniamo attentamente i migliori ingredienti da tutto il mondo per garantire che ogni candela, spray per ambienti e diffusore di profumo soddisfi i nostri elevati standard di qualit\u00e0. Dalle candele di cera di soia versate a mano alle ceramiche artigianali, ogni elemento della nostra collezione riflette il nostro impegno per l&#8217;artigianato e la sostenibilit\u00e0.<\/p><p>La nostra filosofia<\/p><p>Noi di COSY BLOOM crediamo che il profumo sia pi\u00f9 di un semplice odore: \u00e8 un&#8217;espressione di personalit\u00e0, umore e memoria. Ecco perch\u00e9 offriamo una vasta selezione di fragranze, dalla lavanda rilassante e agli agrumi tonificanti, alle spezie esotiche e ai fiori delicati, per soddisfare ogni gusto e occasione.<\/p><p>Comprendiamo anche l&#8217;importanza di connessioni significative attraverso i doni. Che si tratti di un ringraziamento per i dipendenti, di un gesto premuroso per i partner o di una lussuosa ricompensa per te stesso, i nostri prodotti vogliono trasmettere gioia, conforto ed entusiasmo.<\/p><p>Il nostro impegno<\/p><p>In qualit\u00e0 di guardiani della bellezza e della sostenibilit\u00e0, ci impegniamo a ridurre al minimo il nostro impatto ambientale e a promuovere pratiche etiche lungo la nostra catena di fornitura. Dai materiali di imballaggio ecologici ai metodi di test cruelty-free, ci impegniamo continuamente a ridurre al minimo gli sprechi e a mantenere i pi\u00f9 elevati standard di integrit\u00e0 e trasparenza.<\/p><p>Diventa parte di noi<\/p><p>Sperimenta la magia del profumo con COSY BLOOM. Che tu voglia creare una casa accogliente, desideri il regalo perfetto per una persona cara o desideri valorizzare l&#8217;ambiente circostante con profumi e decorazioni squisiti, ti invitiamo a esplorare la nostra collezione e intraprendere un viaggio sensoriale come nessun altro.<\/p><p>Grazie per aver scelto COSY BLOOM: dove il lusso incontra l&#8217;artigianato e ogni profumo racconta una storia.<\/p>\t\t\t\t\t\t\t\t<\/div>\n\t\t\t\t<\/div>\n\t\t\t\t\t<\/div>\n\t\t\t\t<\/div>\n\t\t\t\t<\/div>\n\t\t","protected":false},"excerpt":{"rendered":"<p>\u00dcBER UNS Herzlich willkommen \u00dcber COSY BLOOM Bei COSY BLOOM glauben wir an die transformative Kraft des Duftes, um allt\u00e4gliche [&hellip;]<\/p>\n","protected":false},"author":1,"featured_media":0,"parent":0,"menu_order":0,"comment_status":"closed","ping_status":"closed","template":"","meta":{"site-sidebar-layout":"default","site-content-layout":"","ast-site-content-layout":"default","site-content-style":"default","site-sidebar-style":"default","ast-global-header-display":"","ast-banner-title-visibility":"","ast-main-header-display":"","ast-hfb-above-header-display":"","ast-hfb-below-header-display":"","ast-hfb-mobile-header-display":"","site-post-title":"disabled","ast-breadcrumbs-content":"","ast-featured-img":"","footer-sml-layout":"","ast-disable-related-posts":"","theme-transparent-header-meta":"","adv-header-id-meta":"","stick-header-meta":"","header-above-stick-meta":"","header-main-stick-meta":"","header-below-stick-meta":"","astra-migrate-meta-layouts":"default","ast-page-background-enabled":"default","ast-page-background-meta":{"desktop":{"background-color":"var(--ast-global-color-4)","background-image":"","background-repeat":"repeat","background-position":"center center","background-size":"auto","background-attachment":"scroll","background-type":"","background-media":"","overlay-type":"","overlay-color":"","overlay-opacity":"","overlay-gradient":""},"tablet":{"background-color":"","background-image":"","background-repeat":"repeat","background-position":"center center","background-size":"auto","background-attachment":"scroll","background-type":"","background-media":"","overlay-type":"","overlay-color":"","overlay-opacity":"","overlay-gradient":""},"mobile":{"background-color":"","background-image":"","background-repeat":"repeat","background-position":"center center","background-size":"auto","background-attachment":"scroll","background-type":"","background-media":"","overlay-type":"","overlay-color":"","overlay-opacity":"","overlay-gradient":""}},"ast-content-background-meta":{"desktop":{"background-color":"var(--ast-global-color-5)","background-image":"","background-repeat":"repeat","background-position":"center center","background-size":"auto","background-attachment":"scroll","background-type":"","background-media":"","overlay-type":"","overlay-color":"","overlay-opacity":"","overlay-gradient":""},"tablet":{"background-color":"var(--ast-global-color-5)","background-image":"","background-repeat":"repeat","background-position":"center center","background-size":"auto","background-attachment":"scroll","background-type":"","background-media":"","overlay-type":"","overlay-color":"","overlay-opacity":"","overlay-gradient":""},"mobile":{"background-color":"var(--ast-global-color-5)","background-image":"","background-repeat":"repeat","background-position":"center center","background-size":"auto","background-attachment":"scroll","background-type":"","background-media":"","overlay-type":"","overlay-color":"","overlay-opacity":"","overlay-gradient":""}},"_themeisle_gutenberg_block_has_review":false,"footnotes":""},"class_list":["post-281","page","type-page","status-publish","hentry"],"_links":{"self":[{"href":"https:\/\/cosybloom.ch\/it\/wp-json\/wp\/v2\/pages\/281","targetHints":{"allow":["GET"]}}],"collection":[{"href":"https:\/\/cosybloom.ch\/it\/wp-json\/wp\/v2\/pages"}],"about":[{"href":"https:\/\/cosybloom.ch\/it\/wp-json\/wp\/v2\/types\/page"}],"author":[{"embeddable":true,"href":"https:\/\/cosybloom.ch\/it\/wp-json\/wp\/v2\/users\/1"}],"replies":[{"embeddable":true,"href":"https:\/\/cosybloom.ch\/it\/wp-json\/wp\/v2\/comments?post=281"}],"version-history":[{"count":68,"href":"https:\/\/cosybloom.ch\/it\/wp-json\/wp\/v2\/pages\/281\/revisions"}],"predecessor-version":[{"id":1234,"href":"https:\/\/cosybloom.ch\/it\/wp-json\/wp\/v2\/pages\/281\/revisions\/1234"}],"wp:attachment":[{"href":"https:\/\/cosybloom.ch\/it\/wp-json\/wp\/v2\/media?parent=281"}],"curies":[{"name":"wp","href":"https:\/\/api.w.org\/{rel}","templated":true}]}}