{"id":1359,"date":"2024-05-05T21:30:37","date_gmt":"2024-05-05T19:30:37","guid":{"rendered":"https:\/\/cosybloom.ch\/product\/\/"},"modified":"2024-12-02T22:24:14","modified_gmt":"2024-12-02T21:24:14","slug":"cosy-bloom-duftkerze-its-zanzibar","status":"publish","type":"product","link":"https:\/\/cosybloom.ch\/fr\/product\/cosy-bloom-bougie-parfumee-its-zanzibar\/","title":{"rendered":"Cosy Bloom Bougie parfum\u00e9e \"It's Zanzibar\""},"content":{"rendered":"<p><strong>Description<\/strong><\/p>\n<p><strong>Petite taille<\/strong><br \/>\nBougie parfum\u00e9e dans un r\u00e9cipient en verre 170g de cire<br \/>\nDimensions du conteneur : 8,3 x 7,4 cm<br \/>\nHeures de combustion&nbsp;: +\/- 35<\/p>\n<p><strong>Taille normale<\/strong><\/p>\n<p>Bougie parfum\u00e9e dans un r\u00e9cipient en verre 230g de cire<br \/>\nDimensions du conteneur&nbsp;:&nbsp; 8 x 8 x 8 cm<br \/>\nHeures de combustion&nbsp;: +\/- 50<\/p>\n<p><strong>Grande taille<\/strong><\/p>\n<p>Bougie parfum\u00e9e dans un r\u00e9cipient en verre 350g<br \/>\nDimensions du conteneur : \u00d8 8,4 x 9 cm<br \/>\nHeures de combustion&nbsp;: +\/- 70<\/p>\n<ul>\n<li>Gobelet en verre incassable de haute qualit\u00e9 au design simple et intemporel<\/li>\n<li>Disponible dans de nombreuses nuances<\/li>\n<li>Livr\u00e9 avec un couvercle en bois. A placer sous la vitre comme base pour prot\u00e9ger vos meubles de la chaleur<\/li>\n<li>La cire que nous utilisons est de la cire de soja v\u00e9g\u00e9tale.<\/li>\n<\/ul>\n<p><strong>Conseils<\/strong><br \/>\nLes bougies v\u00e9g\u00e9tales sont une source naturelle, renouvelable, respectueuse de l&rsquo;environnement et de l&rsquo;homme.<br \/>\nPour une combustion et un plaisir optimaux de votre bougie, suivez les \u00e9tapes ci-dessous&nbsp;:<br \/>\n<strong>COUPER<\/strong><br \/>\nAssurez-vous de couper votre m\u00e8che en bois ou en coton avant chaque utilisation \u00e0 0,5 cm de<br \/>\nla surface. Cela permet de garantir que vous avez la bonne flamme et que votre bougie br\u00fble correctement. Si votre flamme est faible et faible, raccourcissez la m\u00e8che !<br \/>\n<strong>\u00c9CLAIRER<\/strong><br \/>\nAssurez-vous que toute la surface de votre cire fond lors de votre premi\u00e8re utilisation. Br\u00fblez d&rsquo;abord pendant au moins 2 \u00e0 4 heures pour que votre bougie br\u00fble uniform\u00e9ment.<br \/>\n<strong>LIEU<\/strong><br \/>\nAssurez-vous de placer votre bougie loin de tout objet ou ventilateur.<br \/>\nNe laissez jamais les bougies sans surveillance.<br \/>\nNe bougez pas pendant qu&rsquo;il est allum\u00e9 et apr\u00e8s son extinction, jusqu&rsquo;\u00e0 ce qu&rsquo;il refroidisse.<br \/>\nLes bougies allum\u00e9es sont tr\u00e8s chaudes, \u00e9vitez de les toucher.<br \/>\nGardez les bougies hors de port\u00e9e des enfants et des animaux domestiques.<\/p>\n","protected":false},"excerpt":{"rendered":"<ul>\n<li>Tasse en verre incassable de haute qualit\u00e9 au design simple et intemporel<\/li>\n<li>Disponible dans de nombreuses couleurs<\/li>\n<li>Placez-le sous la vitre comme base pour prot\u00e9ger vos meubles de la chaleur<\/li>\n<li>La cire que nous utilisons est de la cire v\u00e9g\u00e9tale de soja.<\/li>\n<\/ul>\n<p>Notes de t\u00eate\u00a0:<strong>Citron d&rsquo;Amalfi, bergamote, eau min\u00e9rale<\/strong><br \/>\nNotes de c\u0153ur\u00a0:\u00a0<strong>Fleur d&rsquo;oranger, lavande anglaise, thym blanc<\/strong><br \/>\nNotes de fond\u00a0:\u00a0<strong>Bois tropical, cuir lisse, musc<\/strong><\/p>\n","protected":false},"featured_media":1506,"comment_status":"open","ping_status":"closed","template":"","meta":{"site-sidebar-layout":"default","site-content-layout":"","ast-site-content-layout":"default","site-content-style":"default","site-sidebar-style":"default","ast-global-header-display":"","ast-banner-title-visibility":"","ast-main-header-display":"","ast-hfb-above-header-display":"","ast-hfb-below-header-display":"","ast-hfb-mobile-header-display":"","site-post-title":"","ast-breadcrumbs-content":"","ast-featured-img":"","footer-sml-layout":"","ast-disable-related-posts":"","theme-transparent-header-meta":"default","adv-header-id-meta":"","stick-header-meta":"","header-above-stick-meta":"","header-main-stick-meta":"","header-below-stick-meta":"","astra-migrate-meta-layouts":"set","ast-page-background-enabled":"default","ast-page-background-meta":{"desktop":{"background-color":"var(--ast-global-color-4)","background-image":"","background-repeat":"repeat","background-position":"center center","background-size":"auto","background-attachment":"scroll","background-type":"","background-media":"","overlay-type":"","overlay-color":"","overlay-opacity":"","overlay-gradient":""},"tablet":{"background-color":"","background-image":"","background-repeat":"repeat","background-position":"center center","background-size":"auto","background-attachment":"scroll","background-type":"","background-media":"","overlay-type":"","overlay-color":"","overlay-opacity":"","overlay-gradient":""},"mobile":{"background-color":"","background-image":"","background-repeat":"repeat","background-position":"center center","background-size":"auto","background-attachment":"scroll","background-type":"","background-media":"","overlay-type":"","overlay-color":"","overlay-opacity":"","overlay-gradient":""}},"ast-content-background-meta":{"desktop":{"background-color":"var(--ast-global-color-5)","background-image":"","background-repeat":"repeat","background-position":"center center","background-size":"auto","background-attachment":"scroll","background-type":"","background-media":"","overlay-type":"","overlay-color":"","overlay-opacity":"","overlay-gradient":""},"tablet":{"background-color":"var(--ast-global-color-5)","background-image":"","background-repeat":"repeat","background-position":"center center","background-size":"auto","background-attachment":"scroll","background-type":"","background-media":"","overlay-type":"","overlay-color":"","overlay-opacity":"","overlay-gradient":""},"mobile":{"background-color":"var(--ast-global-color-5)","background-image":"","background-repeat":"repeat","background-position":"center center","background-size":"auto","background-attachment":"scroll","background-type":"","background-media":"","overlay-type":"","overlay-color":"","overlay-opacity":"","overlay-gradient":""}},"_themeisle_gutenberg_block_has_review":false},"product_brand":[],"product_cat":[38,37,41],"product_tag":[258],"class_list":{"0":"post-1359","1":"product","2":"type-product","3":"status-publish","4":"has-post-thumbnail","6":"product_cat-bougies-parfumees","7":"product_cat-bougies","9":"product_tag-type-de-designer","10":"desktop-align-left","11":"tablet-align-left","12":"mobile-align-left","14":"first","15":"instock","16":"taxable","17":"shipping-taxable","18":"purchasable","19":"product-type-variable"},"_links":{"self":[{"href":"https:\/\/cosybloom.ch\/fr\/wp-json\/wp\/v2\/product\/1359","targetHints":{"allow":["GET"]}}],"collection":[{"href":"https:\/\/cosybloom.ch\/fr\/wp-json\/wp\/v2\/product"}],"about":[{"href":"https:\/\/cosybloom.ch\/fr\/wp-json\/wp\/v2\/types\/product"}],"replies":[{"embeddable":true,"href":"https:\/\/cosybloom.ch\/fr\/wp-json\/wp\/v2\/comments?post=1359"}],"version-history":[{"count":2,"href":"https:\/\/cosybloom.ch\/fr\/wp-json\/wp\/v2\/product\/1359\/revisions"}],"predecessor-version":[{"id":1520,"href":"https:\/\/cosybloom.ch\/fr\/wp-json\/wp\/v2\/product\/1359\/revisions\/1520"}],"wp:featuredmedia":[{"embeddable":true,"href":"https:\/\/cosybloom.ch\/fr\/wp-json\/wp\/v2\/media\/1506"}],"wp:attachment":[{"href":"https:\/\/cosybloom.ch\/fr\/wp-json\/wp\/v2\/media?parent=1359"}],"wp:term":[{"taxonomy":"product_brand","embeddable":true,"href":"https:\/\/cosybloom.ch\/fr\/wp-json\/wp\/v2\/product_brand?post=1359"},{"taxonomy":"product_cat","embeddable":true,"href":"https:\/\/cosybloom.ch\/fr\/wp-json\/wp\/v2\/product_cat?post=1359"},{"taxonomy":"product_tag","embeddable":true,"href":"https:\/\/cosybloom.ch\/fr\/wp-json\/wp\/v2\/product_tag?post=1359"}],"curies":[{"name":"wp","href":"https:\/\/api.w.org\/{rel}","templated":true}]}}