{"id":751,"date":"2024-03-29T23:43:16","date_gmt":"2024-03-29T22:43:16","guid":{"rendered":"https:\/\/cosybloom.ch\/?page_id=751"},"modified":"2024-05-24T21:48:22","modified_gmt":"2024-05-24T19:48:22","slug":"versand-rueckgabe","status":"publish","type":"page","link":"https:\/\/cosybloom.ch\/fr\/expedition-retours\/","title":{"rendered":"Exp\u00e9dition & retours"},"content":{"rendered":"\t\t<div data-elementor-type=\"wp-page\" data-elementor-id=\"751\" class=\"elementor elementor-751\">\n\t\t\t\t<div class=\"elementor-element elementor-element-26518c4 e-flex e-con-boxed e-con e-parent\" data-id=\"26518c4\" data-element_type=\"container\" data-e-type=\"container\">\n\t\t\t\t\t<div class=\"e-con-inner\">\n\t\t\t\t<div class=\"elementor-element elementor-element-9051cbb elementor-widget elementor-widget-text-editor\" data-id=\"9051cbb\" data-element_type=\"widget\" data-e-type=\"widget\" data-widget_type=\"text-editor.default\">\n\t\t\t\t<div class=\"elementor-widget-container\">\n\t\t\t\t\t\t\t\t\t<h3>Exp\u00e9dition &amp; retours<\/h3>\t\t\t\t\t\t\t\t<\/div>\n\t\t\t\t<\/div>\n\t\t\t\t<div class=\"elementor-element elementor-element-41c609d elementor-widget elementor-widget-text-editor\" data-id=\"41c609d\" data-element_type=\"widget\" data-e-type=\"widget\" data-widget_type=\"text-editor.default\">\n\t\t\t\t<div class=\"elementor-widget-container\">\n\t\t\t\t\t\t\t\t\t<div><div><p><span style=\"font-size: 16px;\">Nous faisons de notre mieux pour que nos cosm\u00e9tiques cor\u00e9ens arrivent \u00e0 destination le plus rapidement possible. Nous essayons d&rsquo;exp\u00e9dier les commandes pass\u00e9es avant 18h00. les jours ouvrables le m\u00eame jour. Cependant, nous n&rsquo;y parvenons pas toujours, c&rsquo;est pourquoi la livraison de votre commande peut prendre un peu plus de temps dans certaines circonstances. <\/span><\/p><ul><li>Le d\u00e9lai de livraison pur pour la Suisse et le Liechtenstein est compris entre env. 2-3 jours ouvrables.<\/li><li>En cas de paiement par carte de cr\u00e9dit, les marchandises disponibles sont g\u00e9n\u00e9ralement exp\u00e9di\u00e9es sous 1 \u00e0 2 jours ouvrables (traitement de la commande et d\u00e9lai de livraison pur). Il n&rsquo;y a pas de livraison le week-end, les jours f\u00e9ri\u00e9s nationaux et r\u00e9gionaux.<\/li><li>Nous ne sommes pas responsables des probl\u00e8mes de livraison caus\u00e9s par la Poste Suisse. Si les donn\u00e9es fournies sont incorrectes, nous ne pouvons \u00eatre tenus responsables des retards ou de la non-livraison.<\/li><li>Carte cadeau, frais de livraison\u00a0:\u00a0CHF \/ 1,30\u00a0\u20ac<\/li><li>Valeur de la commande jusqu&rsquo;\u00e0 CHF \/ \u20ac 150.- Post Priority : CHF \/ \u20ac 9,00 jusqu&rsquo;\u00e0 (2kg)\u2013 env. 1-2 jours ouvrables | Post Economy <span style=\"font-size: 14px; font-style: normal; font-weight: 400;\">CHF \/ \u20ac<\/span> 7,00 jusqu&rsquo;\u00e0 (2kg)\u2013 env. 2-3 jours ouvrables<\/li><li><strong>*Offrez-vous la livraison gratuite\u00a0?<\/strong>Oui, \u00e0 partir d&rsquo;une valeur de commande de 150 CHF\/\u20ac. La livraison \u00e9conomique est gratuite<\/li><\/ul><\/div><\/div><div><p>Important! Nous ne sommes <strong>pas<\/strong> responsables de la livraison du colis. Si vous avez des questions concernant votre envoi, veuillez nous contacter. Ou vous pouvez vous adresser directement \u00e0 la Poste Suisse.<\/p><\/div>\t\t\t\t\t\t\t\t<\/div>\n\t\t\t\t<\/div>\n\t\t\t\t<div class=\"elementor-element elementor-element-e496b15 elementor-widget elementor-widget-text-editor\" data-id=\"e496b15\" data-element_type=\"widget\" data-e-type=\"widget\" data-widget_type=\"text-editor.default\">\n\t\t\t\t<div class=\"elementor-widget-container\">\n\t\t\t\t\t\t\t\t\t<h4>Processus d&rsquo;exp\u00e9dition<\/h4><p>Le processus d\u2019exp\u00e9dition de vanesis.ch se d\u00e9roule selon les \u00e9tapes suivantes :<\/p><p>1 Votre commande est r\u00e9cup\u00e9r\u00e9e ensemble dans notre entrep\u00f4t<br \/>2 Votre commande est rang\u00e9e et bien emball\u00e9e<br \/>3 Votre commande sera r\u00e9cup\u00e9r\u00e9e par notre coursier<br \/>4a Votre commande sera livr\u00e9e \u00e0 votre adresse de livraison indiqu\u00e9e<br \/>4b Votre commande sera livr\u00e9e dans votre point service, attention ! Vous devez vous l\u00e9gitimer.<\/p><p>V\u00e9rifiez imm\u00e9diatement apr\u00e8s r\u00e9ception de la commande si elle est intacte et compl\u00e8te. Si ce n&rsquo;est pas le cas, nous vous demandons de bien vouloir nous contacter au plus vite pour nous le signaler.<\/p>\t\t\t\t\t\t\t\t<\/div>\n\t\t\t\t<\/div>\n\t\t\t\t<div class=\"elementor-element elementor-element-661bd4f elementor-widget elementor-widget-text-editor\" data-id=\"661bd4f\" data-element_type=\"widget\" data-e-type=\"widget\" data-widget_type=\"text-editor.default\">\n\t\t\t\t<div class=\"elementor-widget-container\">\n\t\t\t\t\t\t\t\t\t<h4>Je n&rsquo;ai pas re\u00e7u de re\u00e7u d&rsquo;exp\u00e9dition<\/h4><p>Il est possible que votre filtre anti-spam soit actif et filtre notre re\u00e7u d&rsquo;exp\u00e9dition. Nous vous recommandons de v\u00e9rifier les param\u00e8tres de votre filtre anti-spam et, si n\u00e9cessaire, de les ajuster. V\u00e9rifiez \u00e9galement toujours que vous avez saisi la bonne adresse e-mail.<\/p>\t\t\t\t\t\t\t\t<\/div>\n\t\t\t\t<\/div>\n\t\t\t\t<div class=\"elementor-element elementor-element-92d460b elementor-widget elementor-widget-text-editor\" data-id=\"92d460b\" data-element_type=\"widget\" data-e-type=\"widget\" data-widget_type=\"text-editor.default\">\n\t\t\t\t<div class=\"elementor-widget-container\">\n\t\t\t\t\t\t\t\t\t<h4>\u00c9l\u00e9ments manquants<\/h4><p>Si vous avez command\u00e9 un ou plusieurs articles, mais que vous n&rsquo;avez pas re\u00e7u ces articles, veuillez nous contacter, nous serons heureux de vous aider.<\/p>\t\t\t\t\t\t\t\t<\/div>\n\t\t\t\t<\/div>\n\t\t\t\t<div class=\"elementor-element elementor-element-d18fbc7 elementor-widget elementor-widget-text-editor\" data-id=\"d18fbc7\" data-element_type=\"widget\" data-e-type=\"widget\" data-widget_type=\"text-editor.default\">\n\t\t\t\t<div class=\"elementor-widget-container\">\n\t\t\t\t\t\t\t\t\t<h4>Mauvais article re\u00e7u<\/h4><p>Si vous avez re\u00e7u un ou plusieurs articles que vous n&rsquo;avez pas command\u00e9s, veuillez nous contacter et nous serons heureux de vous aider.<\/p>\t\t\t\t\t\t\t\t<\/div>\n\t\t\t\t<\/div>\n\t\t\t\t<div class=\"elementor-element elementor-element-a872002 elementor-widget elementor-widget-text-editor\" data-id=\"a872002\" data-element_type=\"widget\" data-e-type=\"widget\" data-widget_type=\"text-editor.default\">\n\t\t\t\t<div class=\"elementor-widget-container\">\n\t\t\t\t\t\t\t\t\t<h4>Adresse erron\u00e9e renseign\u00e9e<\/h4><p>Vous avez renseign\u00e9 une mauvaise adresse\u00a0? Veuillez nous contacter d\u00e8s que possible, nous pouvons g\u00e9n\u00e9ralement encore modifier cela. Si le colis est d\u00e9j\u00e0 en cours de livraison, nous ne pouvons malheureusement plus rien faire. Merci de nous tenir inform\u00e9s, nous ferons tout notre possible pour que le colis soit livr\u00e9.<\/p><p>Si le colis nous est retourn\u00e9, il est possible de renvoyer le colis. Les frais de port pour le renvoi seront factur\u00e9s. Lors de l&rsquo;annulation d&rsquo;un envoi retourn\u00e9 en raison d&rsquo;une adresse incorrecte, nous rembourserons le montant hors frais d&rsquo;exp\u00e9dition.<\/p>\t\t\t\t\t\t\t\t<\/div>\n\t\t\t\t<\/div>\n\t\t\t\t<div class=\"elementor-element elementor-element-26b296d elementor-widget elementor-widget-text-editor\" data-id=\"26b296d\" data-element_type=\"widget\" data-e-type=\"widget\" data-widget_type=\"text-editor.default\">\n\t\t\t\t<div class=\"elementor-widget-container\">\n\t\t\t\t\t\t\t\t\t<h4>Droit de r\u00e9tractation<\/h4><ul><li>Le client a le droit de r\u00e9silier le contrat dans un d\u00e9lai de 14\u00a0jours (d\u00e9lai de r\u00e9tractation).<\/li><li>Le d\u00e9lai de r\u00e9tractation expire 14 jours apr\u00e8s le jour o\u00f9 le client ou un tiers, qui n&rsquo;est pas un coursier mais peut \u00eatre mandat\u00e9 par le client, prend possession des produits. Dans le cas d&rsquo;une commande d&rsquo;articles diff\u00e9rents livr\u00e9s s\u00e9par\u00e9ment, 14 jours apr\u00e8s le jour o\u00f9 le client ou un tiers, qui peut \u00eatre un coursier mais autoris\u00e9 par le client, prend possession des produits.<\/li><li>Afin de pouvoir exercer son droit de r\u00e9tractation, le client est tenu d&rsquo;informer VANESI&rsquo;S de sa d\u00e9cision de se r\u00e9tracter du contrat par une d\u00e9claration expresse (via le formulaire de r\u00e9tractation (1) par courrier ou email : hello@vanesis .ch).informer. A cet effet il doit remplir le formulaire d&rsquo;annulation. Si le client d\u00e9cide de se r\u00e9tracter, VANEISI&rsquo;S lui adressera un accus\u00e9 de r\u00e9ception de la d\u00e9claration de r\u00e9tractation (par courrier ou par voie \u00e9lectronique).<\/li><li>Afin de respecter le d\u00e9lai de r\u00e9tractation, il suffit que le client envoie la d\u00e9claration de r\u00e9tractation avant l&rsquo;expiration du d\u00e9lai.<\/li><li>Si le client se r\u00e9tracte du contrat, tous les paiements effectu\u00e9s \u00e0 VANESI&rsquo;S lui seront rembours\u00e9s dans un d\u00e9lai de 14 jours apr\u00e8s que VANESI&rsquo;S a \u00e9t\u00e9 inform\u00e9 de la d\u00e9claration de r\u00e9tractation (hors frais de port et frais de quantit\u00e9 minimum de commande). Ces remboursements seront effectu\u00e9s sur le m\u00eame moyen de paiement que celui utilis\u00e9 par le client pour sa commande, sauf indication contraire expresse. Le remboursement pourra \u00eatre suspendu jusqu&rsquo;\u00e0 r\u00e9ception de la marchandise retourn\u00e9e ou confirmation du retour de la marchandise par le client.<\/li><li>Le client est tenu de renvoyer la marchandise \u00e0 VANESI&rsquo;S. Cela doit \u00eatre fait sans retard coupable dans un d\u00e9lai de 14 jours apr\u00e8s l&rsquo;envoi de la d\u00e9claration de r\u00e9tractation et apr\u00e8s r\u00e9ception de l&rsquo;accus\u00e9 de r\u00e9ception de la d\u00e9claration de r\u00e9tractation de VANESI&rsquo;S. Le d\u00e9lai de r\u00e9tractation est r\u00e9put\u00e9 respect\u00e9 si le client a envoy\u00e9 la marchandise avant l&rsquo;expiration du d\u00e9lai de 14 jours. Les frais directs du retour sont \u00e0 la charge du client. Le client est seul responsable de toute r\u00e9duction de valeur de la marchandise due \u00e0 la manipulation si celle-ci va au-del\u00e0 de ce qui est n\u00e9cessaire pour d\u00e9terminer les propri\u00e9t\u00e9s, le type et la nature des produits.<\/li><li>Le client ne peut en aucun cas exercer le droit de r\u00e9tractation si les produits sont scell\u00e9s dont le retour n&rsquo;est pas possible pour des raisons d&rsquo;hygi\u00e8ne ou de sant\u00e9 et qu&rsquo;ils ont \u00e9t\u00e9 ouverts apr\u00e8s la livraison.<\/li><\/ul><ol><li>\u00a0Exemple de formulaire d&rsquo;annulation(Si vous souhaitez annuler le contrat, veuillez remplir ce formulaire et le renvoyer.)<p>\u00c0 : Nom de l&rsquo;entreprise, adresse, e-mail : hello@vanesis.ch, t\u00e9l\u00e9phone (frais) +41 77 512 21 11 Je\/nous (*) r\u00e9voquons par la pr\u00e9sente le contrat d&rsquo;achat conclu par moi\/nous (*). )\/la fourniture du service suivant (*)<\/p><p>Command\u00e9 le(*)\/re\u00e7u le(*)<\/p><p>Nom du ou des clients<\/p><p>Adresse du ou des clients<\/p><p>Signature du ou des clients (uniquement pour les notifications papier)<\/p><p>Date<\/p><\/li><\/ol>\t\t\t\t\t\t\t\t<\/div>\n\t\t\t\t<\/div>\n\t\t\t\t\t<\/div>\n\t\t\t\t<\/div>\n\t\t<div class=\"elementor-element elementor-element-5b6cb64 e-flex e-con-boxed e-con e-parent\" data-id=\"5b6cb64\" data-element_type=\"container\" data-e-type=\"container\">\n\t\t\t\t\t<div class=\"e-con-inner\">\n\t\t\t\t<div class=\"elementor-element elementor-element-05d73ea elementor-widget elementor-widget-text-editor\" data-id=\"05d73ea\" data-element_type=\"widget\" data-e-type=\"widget\" data-widget_type=\"text-editor.default\">\n\t\t\t\t<div class=\"elementor-widget-container\">\n\t\t\t\t\t\t\t\t\t<p>1. TRAITEMENT DE LA COMMANDE<\/p><p>Les commandes sont pr\u00e9par\u00e9es du lundi au vendredi, \u00e0 l\u2019exception des jours f\u00e9ri\u00e9s. Les commandes pass\u00e9es le samedi et le dimanche seront trait\u00e9es le lundi. Chaque commande est pr\u00e9par\u00e9e sous 24h ouvr\u00e9es, puis remise au transporteur pour livraison \u00e0 l\u2019adresse pr\u00e9alablement renseign\u00e9e lors de la confirmation de commande. Aucune livraison ne sera effectu\u00e9e \u00e0 des bo\u00eetes postales ni aux adresses militaire.<\/p><p>COSY BLOOM exp\u00e9die les Produits uniquement en Suisse et Liechtenstein.<\/p><p>v exp\u00e9die les produits dans les pays disponibles sur cette page:<\/p><p>Certains Produits sont soumis \u00e0 des r\u00e8glementations sp\u00e9cifiques d&rsquo;envoi et ne peuvent \u00eatre livr\u00e9s dans certains pays. Il appartient au Client de v\u00e9rifier les restrictions sp\u00e9cifiques de livraison.<\/p><p>Les livraisons sont assur\u00e9es par un transporteur ind\u00e9pendant, \u00e0 l&rsquo;adresse mentionn\u00e9e par le Client lors de la commande et \u00e0 laquelle le transporteur pourra facilement acc\u00e9der.<\/p><p>2. MODALITES DE LIVRAISON<\/p><p>Les co\u00fbts de livraison sont fonction (i) du pays de destination, (ii) du poids et du volume de la commande et (iii) de l\u2019option assurance.<\/p><p>Le montant et les d\u00e9lais de livraison sont indiqu\u00e9s lors de la confirmation de la commande.<\/p><p>2.1 Calcul du d\u00e9lai de livraison<\/p><p>D\u00e9lai de livraison = Exp\u00e9dition + Transport<\/p><p>Exp\u00e9dition = temps de pr\u00e9paration de la commande<\/p><p>Transport = temps d&rsquo;acheminement de la commande<\/p><p>COSY BLOOM s\u2019engage \u00e0 effectuer tous les efforts pour livrer les Produits rapidement apr\u00e8s confirmation de la commande.<\/p><p>En tout \u00e9tat de cause, COSY BLOOM d\u00e9cline toute responsabilit\u00e9 de toute perte ou dommage subi par le Client du fait d&rsquo;un retard ou d&rsquo;un cas de force majeure lors de la livraison.<\/p><p>En outre, COSY BLOOM informera le Client de tout retard d\u00e8s que possible. Ce dernier aura alors la possibilit\u00e9 d\u2019annuler la commande sous r\u00e9serve des dispositions l\u00e9gales.<\/p><p>2.1 Difficult\u00e9s de Livraison<\/p><p>Le Client est tenu d\u2019indiquer une adresse de livraison correcte et compl\u00e8te lors de la commande. Il lui appartient de v\u00e9rifier l&rsquo;adresse de livraison sur chacun des courriels ou courriers fournis et informer sans d\u00e9lai COSY BLOOM de toute erreur ou omission via customerservice@cosybloom.ch. COSY BLOOM se r\u00e9serve le droit de facturer tout frais de livraison suppl\u00e9mentaire applicable en raison d\u2019une erreur relative \u00e0 l\u2019adresse de livraison du fait du Client.<\/p><p>Si la livraison ne peut pas \u00eatre faite \u00e0 l\u2019adresse indiqu\u00e9e pour des causes \u00e9trang\u00e8res \u00e0 COSY BLOOM, le transporteur en informera le Client d\u00e8s que possible par courriel et indiquera une date ou un d\u00e9lai de livraison ult\u00e9rieure.<\/p><p>Le Client est tenu de v\u00e9rifier l&rsquo;\u00e9tat des produits livr\u00e9s. Il dispose d&rsquo;un d\u00e9lai de trois jours hors jours f\u00e9ri\u00e9s \u00e0 compter de la livraison pour formuler par \u00e9crit par lettre recommand\u00e9e avec demande d\u2019accus\u00e9 de r\u00e9ception toutes r\u00e9serves ou r\u00e9clamations pour non-conformit\u00e9 ou vice apparent des Produits livr\u00e9s (par exemple colis endommag\u00e9 d\u00e9j\u00e0 ouvert &#8230;), avec tous les justificatifs y aff\u00e9rents (photos notamment). Pass\u00e9 ce d\u00e9lai et \u00e0 d\u00e9faut d&rsquo;avoir respect\u00e9 ces formalit\u00e9s, les Produits seront r\u00e9put\u00e9s conformes et exempts de tout vice apparent et aucune r\u00e9clamation ne pourra \u00eatre valablement accept\u00e9e par le Vendeur.<\/p><p>Le Vendeur remboursera ou remplacera dans les plus brefs d\u00e9lais et \u00e0 ses frais, les Produits livr\u00e9s dont les d\u00e9fauts de conformit\u00e9 ou les vices apparents ou cach\u00e9s auront \u00e9t\u00e9 d\u00fbment prouv\u00e9s par le Client, dans les conditions pr\u00e9sentes dans les CGV (voir garanties, notamment).<\/p><p>2.2 R\u00e9ception des Produits<\/p><p>Chaque livraison est r\u00e9put\u00e9e effectu\u00e9e d\u00e8s mise \u00e0 disposition par le transporteur des produits aupr\u00e8s du Client ou aupr\u00e8s d\u2019un tiers d\u00e9sign\u00e9 par lui, mat\u00e9rialis\u00e9e par le syst\u00e8me de contr\u00f4le utilis\u00e9 par le transporteur. Aucune contestation relative \u00e0 la livraison en elle-m\u00eame ne sera possible si le colis appara\u00eet comme ayant \u00e9t\u00e9 livr\u00e9, le syst\u00e8me informatique du transporteur faisant foi.<\/p><p>A la r\u00e9ception des Produits, le Client pourra confirmer sur le bon de livraison que les Produits ont \u00e9t\u00e9 livr\u00e9s en bon \u00e9tat. Si tel n\u2019est pas le cas, le Client devra refuser la livraison. Si le Client n&rsquo;est pas en mesure de v\u00e9rifier l\u2019\u00e9tat des Produits au moment de la livraison, il indiquera sur le bon de livraison la mention\u00ab NON VERIFIE \u00bb.<\/p>\t\t\t\t\t\t\t\t<\/div>\n\t\t\t\t<\/div>\n\t\t\t\t\t<\/div>\n\t\t\t\t<\/div>\n\t\t\t\t<\/div>\n\t\t","protected":false},"excerpt":{"rendered":"<p>Versand &amp; R\u00fcckgabe Wir geben unser Bestes, damit unsere koreanische Kosmetik so schnell wie m\u00f6glich an ihrem Ziel ankommt. Bestellungen, [&hellip;]<\/p>\n","protected":false},"author":1,"featured_media":0,"parent":0,"menu_order":0,"comment_status":"closed","ping_status":"closed","template":"","meta":{"site-sidebar-layout":"no-sidebar","site-content-layout":"","ast-site-content-layout":"full-width-container","site-content-style":"default","site-sidebar-style":"default","ast-global-header-display":"","ast-banner-title-visibility":"","ast-main-header-display":"","ast-hfb-above-header-display":"","ast-hfb-below-header-display":"","ast-hfb-mobile-header-display":"","site-post-title":"disabled","ast-breadcrumbs-content":"","ast-featured-img":"disabled","footer-sml-layout":"","ast-disable-related-posts":"","theme-transparent-header-meta":"","adv-header-id-meta":"","stick-header-meta":"","header-above-stick-meta":"","header-main-stick-meta":"","header-below-stick-meta":"","astra-migrate-meta-layouts":"default","ast-page-background-enabled":"default","ast-page-background-meta":{"desktop":{"background-color":"var(--ast-global-color-4)","background-image":"","background-repeat":"repeat","background-position":"center center","background-size":"auto","background-attachment":"scroll","background-type":"","background-media":"","overlay-type":"","overlay-color":"","overlay-opacity":"","overlay-gradient":""},"tablet":{"background-color":"","background-image":"","background-repeat":"repeat","background-position":"center center","background-size":"auto","background-attachment":"scroll","background-type":"","background-media":"","overlay-type":"","overlay-color":"","overlay-opacity":"","overlay-gradient":""},"mobile":{"background-color":"","background-image":"","background-repeat":"repeat","background-position":"center center","background-size":"auto","background-attachment":"scroll","background-type":"","background-media":"","overlay-type":"","overlay-color":"","overlay-opacity":"","overlay-gradient":""}},"ast-content-background-meta":{"desktop":{"background-color":"var(--ast-global-color-5)","background-image":"","background-repeat":"repeat","background-position":"center center","background-size":"auto","background-attachment":"scroll","background-type":"","background-media":"","overlay-type":"","overlay-color":"","overlay-opacity":"","overlay-gradient":""},"tablet":{"background-color":"var(--ast-global-color-5)","background-image":"","background-repeat":"repeat","background-position":"center center","background-size":"auto","background-attachment":"scroll","background-type":"","background-media":"","overlay-type":"","overlay-color":"","overlay-opacity":"","overlay-gradient":""},"mobile":{"background-color":"var(--ast-global-color-5)","background-image":"","background-repeat":"repeat","background-position":"center center","background-size":"auto","background-attachment":"scroll","background-type":"","background-media":"","overlay-type":"","overlay-color":"","overlay-opacity":"","overlay-gradient":""}},"_themeisle_gutenberg_block_has_review":false,"footnotes":""},"class_list":["post-751","page","type-page","status-publish","hentry"],"_links":{"self":[{"href":"https:\/\/cosybloom.ch\/fr\/wp-json\/wp\/v2\/pages\/751","targetHints":{"allow":["GET"]}}],"collection":[{"href":"https:\/\/cosybloom.ch\/fr\/wp-json\/wp\/v2\/pages"}],"about":[{"href":"https:\/\/cosybloom.ch\/fr\/wp-json\/wp\/v2\/types\/page"}],"author":[{"embeddable":true,"href":"https:\/\/cosybloom.ch\/fr\/wp-json\/wp\/v2\/users\/1"}],"replies":[{"embeddable":true,"href":"https:\/\/cosybloom.ch\/fr\/wp-json\/wp\/v2\/comments?post=751"}],"version-history":[{"count":47,"href":"https:\/\/cosybloom.ch\/fr\/wp-json\/wp\/v2\/pages\/751\/revisions"}],"predecessor-version":[{"id":1494,"href":"https:\/\/cosybloom.ch\/fr\/wp-json\/wp\/v2\/pages\/751\/revisions\/1494"}],"wp:attachment":[{"href":"https:\/\/cosybloom.ch\/fr\/wp-json\/wp\/v2\/media?parent=751"}],"curies":[{"name":"wp","href":"https:\/\/api.w.org\/{rel}","templated":true}]}}