{"id":281,"date":"2020-09-10T11:28:04","date_gmt":"2020-09-10T11:28:04","guid":{"rendered":"http:\/\/cosybloom.ch\/?page_id=281"},"modified":"2024-04-14T23:18:41","modified_gmt":"2024-04-14T21:18:41","slug":"about","status":"publish","type":"page","link":"https:\/\/cosybloom.ch\/fr\/a-propos-de-nous\/","title":{"rendered":"\u00c0 propos de nous"},"content":{"rendered":"\t\t<div data-elementor-type=\"wp-page\" data-elementor-id=\"281\" class=\"elementor elementor-281\">\n\t\t\t\t<div class=\"elementor-element elementor-element-45d1dd5b e-flex e-con-boxed e-con e-parent\" data-id=\"45d1dd5b\" data-element_type=\"container\" data-e-type=\"container\">\n\t\t\t\t\t<div class=\"e-con-inner\">\n\t\t\t\t\t<\/div>\n\t\t\t\t<\/div>\n\t\t<div class=\"elementor-element elementor-element-c37a468 e-flex e-con-boxed e-con e-parent\" data-id=\"c37a468\" data-element_type=\"container\" data-e-type=\"container\">\n\t\t\t\t\t<div class=\"e-con-inner\">\n\t\t\t\t<div class=\"elementor-element elementor-element-8aec960 elementor-widget elementor-widget-heading\" data-id=\"8aec960\" data-element_type=\"widget\" data-e-type=\"widget\" data-widget_type=\"heading.default\">\n\t\t\t\t<div class=\"elementor-widget-container\">\n\t\t\t\t\t<h1 class=\"elementor-heading-title elementor-size-default\">\u00dcBER UNS<\/h1>\t\t\t\t<\/div>\n\t\t\t\t<\/div>\n\t\t\t\t\t<\/div>\n\t\t\t\t<\/div>\n\t\t<div class=\"elementor-element elementor-element-77f6b35 e-flex e-con-boxed e-con e-parent\" data-id=\"77f6b35\" data-element_type=\"container\" data-e-type=\"container\">\n\t\t\t\t\t<div class=\"e-con-inner\">\n\t\t\t\t<div class=\"elementor-element elementor-element-983e2f8 elementor-widget elementor-widget-heading\" data-id=\"983e2f8\" data-element_type=\"widget\" data-e-type=\"widget\" data-widget_type=\"heading.default\">\n\t\t\t\t<div class=\"elementor-widget-container\">\n\t\t\t\t\t<h2 class=\"elementor-heading-title elementor-size-default\">Herzlich willkommen<\/h2>\t\t\t\t<\/div>\n\t\t\t\t<\/div>\n\t\t\t\t\t<\/div>\n\t\t\t\t<\/div>\n\t\t<div class=\"elementor-element elementor-element-77dbe85 e-flex e-con-boxed e-con e-parent\" data-id=\"77dbe85\" data-element_type=\"container\" data-e-type=\"container\">\n\t\t\t\t\t<div class=\"e-con-inner\">\n\t\t<div class=\"elementor-element elementor-element-cc7b287 e-con-full e-flex e-con e-child\" data-id=\"cc7b287\" data-element_type=\"container\" data-e-type=\"container\">\n\t\t\t\t<div class=\"elementor-element elementor-element-9b2cf3d elementor-widget elementor-widget-image\" data-id=\"9b2cf3d\" data-element_type=\"widget\" data-e-type=\"widget\" data-widget_type=\"image.default\">\n\t\t\t\t<div class=\"elementor-widget-container\">\n\t\t\t\t\t\t\t\t\t\t\t\t\t\t\t<img fetchpriority=\"high\" decoding=\"async\" width=\"1024\" height=\"683\" src=\"https:\/\/cosybloom.ch\/wp-content\/uploads\/2024\/03\/cosy-1-1024x683.jpg\" class=\"attachment-large size-large wp-image-402\" alt=\"\" srcset=\"https:\/\/cosybloom.ch\/wp-content\/uploads\/2024\/03\/cosy-1-1024x683.jpg 1024w, https:\/\/cosybloom.ch\/wp-content\/uploads\/2024\/03\/cosy-1-scaled-1000x667.jpg 1000w, https:\/\/cosybloom.ch\/wp-content\/uploads\/2024\/03\/cosy-1-300x200.jpg 300w, https:\/\/cosybloom.ch\/wp-content\/uploads\/2024\/03\/cosy-1-768x512.jpg 768w, https:\/\/cosybloom.ch\/wp-content\/uploads\/2024\/03\/cosy-1-1536x1024.jpg 1536w, https:\/\/cosybloom.ch\/wp-content\/uploads\/2024\/03\/cosy-1-2048x1365.jpg 2048w, https:\/\/cosybloom.ch\/wp-content\/uploads\/2024\/03\/cosy-1-930x620.jpg 930w\" sizes=\"(max-width: 1024px) 100vw, 1024px\" \/>\t\t\t\t\t\t\t\t\t\t\t\t\t\t\t<\/div>\n\t\t\t\t<\/div>\n\t\t\t\t<\/div>\n\t\t<div class=\"elementor-element elementor-element-444519f e-con-full e-flex e-con e-child\" data-id=\"444519f\" data-element_type=\"container\" data-e-type=\"container\">\n\t\t\t\t<div class=\"elementor-element elementor-element-08c1e37 elementor-widget elementor-widget-image\" data-id=\"08c1e37\" data-element_type=\"widget\" data-e-type=\"widget\" data-widget_type=\"image.default\">\n\t\t\t\t<div class=\"elementor-widget-container\">\n\t\t\t\t\t\t\t\t\t\t\t\t\t\t\t<img decoding=\"async\" width=\"549\" height=\"980\" src=\"https:\/\/cosybloom.ch\/wp-content\/uploads\/2024\/03\/cozy-2.jpg\" class=\"attachment-large size-large wp-image-403\" alt=\"\" srcset=\"https:\/\/cosybloom.ch\/wp-content\/uploads\/2024\/03\/cozy-2.jpg 549w, https:\/\/cosybloom.ch\/wp-content\/uploads\/2024\/03\/cozy-2-168x300.jpg 168w\" sizes=\"(max-width: 549px) 100vw, 549px\" \/>\t\t\t\t\t\t\t\t\t\t\t\t\t\t\t<\/div>\n\t\t\t\t<\/div>\n\t\t\t\t<\/div>\n\t\t<div class=\"elementor-element elementor-element-dbf560a e-con-full e-flex e-con e-child\" data-id=\"dbf560a\" data-element_type=\"container\" data-e-type=\"container\">\n\t\t\t\t<div class=\"elementor-element elementor-element-d0a5b1b elementor-widget elementor-widget-image\" data-id=\"d0a5b1b\" data-element_type=\"widget\" data-e-type=\"widget\" data-widget_type=\"image.default\">\n\t\t\t\t<div class=\"elementor-widget-container\">\n\t\t\t\t\t\t\t\t\t\t\t\t\t\t\t<img decoding=\"async\" width=\"549\" height=\"980\" src=\"https:\/\/cosybloom.ch\/wp-content\/uploads\/2024\/03\/cosy-3.jpg\" class=\"attachment-large size-large wp-image-405\" alt=\"\" srcset=\"https:\/\/cosybloom.ch\/wp-content\/uploads\/2024\/03\/cosy-3.jpg 549w, https:\/\/cosybloom.ch\/wp-content\/uploads\/2024\/03\/cosy-3-168x300.jpg 168w\" sizes=\"(max-width: 549px) 100vw, 549px\" \/>\t\t\t\t\t\t\t\t\t\t\t\t\t\t\t<\/div>\n\t\t\t\t<\/div>\n\t\t\t\t<\/div>\n\t\t<div class=\"elementor-element elementor-element-97fba61 e-con-full e-flex e-con e-child\" data-id=\"97fba61\" data-element_type=\"container\" data-e-type=\"container\">\n\t\t\t\t<div class=\"elementor-element elementor-element-6306e27 elementor-widget elementor-widget-image\" data-id=\"6306e27\" data-element_type=\"widget\" data-e-type=\"widget\" data-widget_type=\"image.default\">\n\t\t\t\t<div class=\"elementor-widget-container\">\n\t\t\t\t\t\t\t\t\t\t\t\t\t\t\t<img loading=\"lazy\" decoding=\"async\" width=\"1024\" height=\"683\" src=\"https:\/\/cosybloom.ch\/wp-content\/uploads\/2024\/03\/cosy-4-1024x683.jpg\" class=\"attachment-large size-large wp-image-406\" alt=\"\" srcset=\"https:\/\/cosybloom.ch\/wp-content\/uploads\/2024\/03\/cosy-4-1024x683.jpg 1024w, https:\/\/cosybloom.ch\/wp-content\/uploads\/2024\/03\/cosy-4-1000x667.jpg 1000w, https:\/\/cosybloom.ch\/wp-content\/uploads\/2024\/03\/cosy-4-300x200.jpg 300w, https:\/\/cosybloom.ch\/wp-content\/uploads\/2024\/03\/cosy-4-768x512.jpg 768w, https:\/\/cosybloom.ch\/wp-content\/uploads\/2024\/03\/cosy-4-930x620.jpg 930w, https:\/\/cosybloom.ch\/wp-content\/uploads\/2024\/03\/cosy-4.jpg 1500w\" sizes=\"(max-width: 1024px) 100vw, 1024px\" \/>\t\t\t\t\t\t\t\t\t\t\t\t\t\t\t<\/div>\n\t\t\t\t<\/div>\n\t\t\t\t<\/div>\n\t\t\t\t\t<\/div>\n\t\t\t\t<\/div>\n\t\t<div class=\"elementor-element elementor-element-aa170b8 e-flex e-con-boxed e-con e-parent\" data-id=\"aa170b8\" data-element_type=\"container\" data-e-type=\"container\">\n\t\t\t\t\t<div class=\"e-con-inner\">\n\t\t\t\t<div class=\"elementor-element elementor-element-a866959 elementor-widget elementor-widget-text-editor\" data-id=\"a866959\" data-element_type=\"widget\" data-e-type=\"widget\" data-widget_type=\"text-editor.default\">\n\t\t\t\t<div class=\"elementor-widget-container\">\n\t\t\t\t\t\t\t\t\t<p>\u00c0 propos de COSY BLOOM<\/p><p>Chez COSY BLOOM, nous croyons au pouvoir transformateur du parfum pour m\u00e9tamorphoser les moments quotidiens en exp\u00e9riences extraordinaires. Fond\u00e9s sur une passion pour la cr\u00e9ation de parfums luxueux et d&rsquo;accessoires pour la maison, nous nous effor\u00e7ons d&rsquo;incorporer la beaut\u00e9, l&rsquo;\u00e9l\u00e9gance et l&rsquo;innovation dans chaque produit que nous proposons.<\/p><p>Notre histoire<\/p><p>COSY BLOOM est n\u00e9 d&rsquo;un amour commun pour l&rsquo;art, l&rsquo;artisanat et l&rsquo;attrait enchanteur des parfums. Notre voyage a commenc\u00e9 avec le simple d\u00e9sir de cr\u00e9er des bougies et des parfums d&rsquo;int\u00e9rieur de haute qualit\u00e9 qui non seulement captivent les sens, mais apportent \u00e9galement chaleur et atmosph\u00e8re aux espaces de vie.<\/p><p>Anim\u00e9s par un engagement envers la qualit\u00e9 et la cr\u00e9ativit\u00e9, nous s\u00e9lectionnons soigneusement les meilleurs ingr\u00e9dients du monde entier pour garantir que chaque bougie, spray d&rsquo;ambiance et diffuseur de parfum r\u00e9pond \u00e0 nos normes de qualit\u00e9 \u00e9lev\u00e9es. Des bougies en cire de soja coul\u00e9es \u00e0 la main aux c\u00e9ramiques artisanales, chaque \u00e9l\u00e9ment de notre collection refl\u00e8te notre engagement envers l&rsquo;artisanat et la durabilit\u00e9.<\/p><p>Notre philosophie<\/p><p>Chez [Nom de votre entreprise], nous pensons que le parfum est plus qu&rsquo;une simple odeur : c&rsquo;est une expression de la personnalit\u00e9, de l&rsquo;humeur et de la m\u00e9moire. C&rsquo;est pourquoi nous proposons une s\u00e9lection vari\u00e9e de parfums, de la lavande apaisante aux agrumes revigorants en passant par les \u00e9pices exotiques et les fleurs d\u00e9licates, pour tous les go\u00fbts et toutes les occasions.<\/p><p>Nous comprenons \u00e9galement l\u2019importance des liens significatifs gr\u00e2ce aux cadeaux. Que ce soit pour remercier les employ\u00e9s, comme geste attentionn\u00e9 pour les partenaires ou comme r\u00e9compense luxueuse pour vous-m\u00eame, nos produits sont destin\u00e9s \u00e0 transmettre joie, confort et enthousiasme.<\/p><p>Notre engagement<\/p><p>En tant que gardiens de la beaut\u00e9 et de la durabilit\u00e9, nous nous engageons \u00e0 minimiser notre empreinte environnementale et \u00e0 promouvoir des pratiques \u00e9thiques tout au long de notre cha\u00eene d&rsquo;approvisionnement. Des mat\u00e9riaux d&#8217;emballage respectueux de l&rsquo;environnement aux m\u00e9thodes de test sans cruaut\u00e9 envers les animaux, nous nous effor\u00e7ons continuellement de minimiser les d\u00e9chets et de maintenir les normes d&rsquo;int\u00e9grit\u00e9 et de transparence les plus \u00e9lev\u00e9es.<\/p><p>Devenez partie de nous<\/p><p>D\u00e9couvrez la magie du parfum avec COSY BLOOM. Que vous souhaitiez cr\u00e9er une maison chaleureuse, que vous souhaitiez le cadeau parfait pour un \u00eatre cher ou que vous souhaitiez embellir votre environnement avec des parfums et des d\u00e9corations exquises, nous vous invitons \u00e0 explorer notre collection et \u00e0 vous lancer dans un voyage sensoriel pas comme les autres.<\/p><p>Merci d&rsquo;avoir choisi COSY BLOOM &#8211; l\u00e0 o\u00f9 le luxe rencontre l&rsquo;artisanat et o\u00f9 chaque parfum raconte une histoire.<\/p>\t\t\t\t\t\t\t\t<\/div>\n\t\t\t\t<\/div>\n\t\t\t\t\t<\/div>\n\t\t\t\t<\/div>\n\t\t\t\t<\/div>\n\t\t","protected":false},"excerpt":{"rendered":"<p>\u00dcBER UNS Herzlich willkommen \u00dcber COSY BLOOM Bei COSY BLOOM glauben wir an die transformative Kraft des Duftes, um allt\u00e4gliche [&hellip;]<\/p>\n","protected":false},"author":1,"featured_media":0,"parent":0,"menu_order":0,"comment_status":"closed","ping_status":"closed","template":"","meta":{"site-sidebar-layout":"default","site-content-layout":"","ast-site-content-layout":"default","site-content-style":"default","site-sidebar-style":"default","ast-global-header-display":"","ast-banner-title-visibility":"","ast-main-header-display":"","ast-hfb-above-header-display":"","ast-hfb-below-header-display":"","ast-hfb-mobile-header-display":"","site-post-title":"disabled","ast-breadcrumbs-content":"","ast-featured-img":"","footer-sml-layout":"","ast-disable-related-posts":"","theme-transparent-header-meta":"","adv-header-id-meta":"","stick-header-meta":"","header-above-stick-meta":"","header-main-stick-meta":"","header-below-stick-meta":"","astra-migrate-meta-layouts":"default","ast-page-background-enabled":"default","ast-page-background-meta":{"desktop":{"background-color":"var(--ast-global-color-4)","background-image":"","background-repeat":"repeat","background-position":"center center","background-size":"auto","background-attachment":"scroll","background-type":"","background-media":"","overlay-type":"","overlay-color":"","overlay-opacity":"","overlay-gradient":""},"tablet":{"background-color":"","background-image":"","background-repeat":"repeat","background-position":"center center","background-size":"auto","background-attachment":"scroll","background-type":"","background-media":"","overlay-type":"","overlay-color":"","overlay-opacity":"","overlay-gradient":""},"mobile":{"background-color":"","background-image":"","background-repeat":"repeat","background-position":"center center","background-size":"auto","background-attachment":"scroll","background-type":"","background-media":"","overlay-type":"","overlay-color":"","overlay-opacity":"","overlay-gradient":""}},"ast-content-background-meta":{"desktop":{"background-color":"var(--ast-global-color-5)","background-image":"","background-repeat":"repeat","background-position":"center center","background-size":"auto","background-attachment":"scroll","background-type":"","background-media":"","overlay-type":"","overlay-color":"","overlay-opacity":"","overlay-gradient":""},"tablet":{"background-color":"var(--ast-global-color-5)","background-image":"","background-repeat":"repeat","background-position":"center center","background-size":"auto","background-attachment":"scroll","background-type":"","background-media":"","overlay-type":"","overlay-color":"","overlay-opacity":"","overlay-gradient":""},"mobile":{"background-color":"var(--ast-global-color-5)","background-image":"","background-repeat":"repeat","background-position":"center center","background-size":"auto","background-attachment":"scroll","background-type":"","background-media":"","overlay-type":"","overlay-color":"","overlay-opacity":"","overlay-gradient":""}},"_themeisle_gutenberg_block_has_review":false,"footnotes":""},"class_list":["post-281","page","type-page","status-publish","hentry"],"_links":{"self":[{"href":"https:\/\/cosybloom.ch\/fr\/wp-json\/wp\/v2\/pages\/281","targetHints":{"allow":["GET"]}}],"collection":[{"href":"https:\/\/cosybloom.ch\/fr\/wp-json\/wp\/v2\/pages"}],"about":[{"href":"https:\/\/cosybloom.ch\/fr\/wp-json\/wp\/v2\/types\/page"}],"author":[{"embeddable":true,"href":"https:\/\/cosybloom.ch\/fr\/wp-json\/wp\/v2\/users\/1"}],"replies":[{"embeddable":true,"href":"https:\/\/cosybloom.ch\/fr\/wp-json\/wp\/v2\/comments?post=281"}],"version-history":[{"count":68,"href":"https:\/\/cosybloom.ch\/fr\/wp-json\/wp\/v2\/pages\/281\/revisions"}],"predecessor-version":[{"id":1234,"href":"https:\/\/cosybloom.ch\/fr\/wp-json\/wp\/v2\/pages\/281\/revisions\/1234"}],"wp:attachment":[{"href":"https:\/\/cosybloom.ch\/fr\/wp-json\/wp\/v2\/media?parent=281"}],"curies":[{"name":"wp","href":"https:\/\/api.w.org\/{rel}","templated":true}]}}