{"id":1187,"date":"2024-04-14T13:03:42","date_gmt":"2024-04-14T11:03:42","guid":{"rendered":"https:\/\/cosybloom.ch\/?page_id=1187"},"modified":"2024-04-14T13:35:31","modified_gmt":"2024-04-14T11:35:31","slug":"warnhinweis-kerzen","status":"publish","type":"page","link":"https:\/\/cosybloom.ch\/fr\/bougies-davertissement\/","title":{"rendered":"Bougies d'avertissement"},"content":{"rendered":"\t\t<div data-elementor-type=\"wp-page\" data-elementor-id=\"1187\" class=\"elementor elementor-1187\">\n\t\t\t\t<div class=\"elementor-element elementor-element-d2a2bc0 e-flex e-con-boxed e-con e-parent\" data-id=\"d2a2bc0\" data-element_type=\"container\" data-e-type=\"container\">\n\t\t\t\t\t<div class=\"e-con-inner\">\n\t\t\t\t<div class=\"elementor-element elementor-element-f8b502a elementor-widget elementor-widget-heading\" data-id=\"f8b502a\" data-element_type=\"widget\" data-e-type=\"widget\" data-widget_type=\"heading.default\">\n\t\t\t\t<div class=\"elementor-widget-container\">\n\t\t\t\t\t<h4 class=\"elementor-heading-title elementor-size-default\">Warnhinweis Kerzen<\/h4>\t\t\t\t<\/div>\n\t\t\t\t<\/div>\n\t\t\t\t<div class=\"elementor-element elementor-element-3f0a3e1 elementor-widget elementor-widget-image\" data-id=\"3f0a3e1\" data-element_type=\"widget\" data-e-type=\"widget\" data-widget_type=\"image.default\">\n\t\t\t\t<div class=\"elementor-widget-container\">\n\t\t\t\t\t\t\t\t\t\t\t\t\t\t\t<img fetchpriority=\"high\" decoding=\"async\" width=\"493\" height=\"700\" src=\"https:\/\/cosybloom.ch\/wp-content\/uploads\/2024\/04\/warnhinweise-als-beilage-fuer-kerzen-din-a5.jpg\" class=\"attachment-large size-large wp-image-1194\" alt=\"\" srcset=\"https:\/\/cosybloom.ch\/wp-content\/uploads\/2024\/04\/warnhinweise-als-beilage-fuer-kerzen-din-a5.jpg 493w, https:\/\/cosybloom.ch\/wp-content\/uploads\/2024\/04\/warnhinweise-als-beilage-fuer-kerzen-din-a5-211x300.jpg 211w\" sizes=\"(max-width: 493px) 100vw, 493px\" \/>\t\t\t\t\t\t\t\t\t\t\t\t\t\t\t<\/div>\n\t\t\t\t<\/div>\n\t\t\t\t\t<\/div>\n\t\t\t\t<\/div>\n\t\t<div class=\"elementor-element elementor-element-f227d1b e-flex e-con-boxed e-con e-parent\" data-id=\"f227d1b\" data-element_type=\"container\" data-e-type=\"container\">\n\t\t\t\t\t<div class=\"e-con-inner\">\n\t\t\t\t<div class=\"elementor-element elementor-element-254878c elementor-widget elementor-widget-text-editor\" data-id=\"254878c\" data-element_type=\"widget\" data-e-type=\"widget\" data-widget_type=\"text-editor.default\">\n\t\t\t\t<div class=\"elementor-widget-container\">\n\t\t\t\t\t\t\t\t\t<p>AVERTISSEMENTS<\/p><p><br \/>Ne laissez jamais une bougie allum\u00e9e sans surveillance.<br \/>Gardez le feu hors de port\u00e9e des enfants et des animaux domestiques.<br \/>Laissez toujours au moins 10 cm entre les bougies allum\u00e9es.<br \/>Ne br\u00fblez pas la bougie sur ou \u00e0 proximit\u00e9 d&rsquo;objets inflammables.<br \/>Ne placez pas de bougies dans des courants d&rsquo;air.<br \/>Ne placez pas de bougies \u00e0 proximit\u00e9 de sources de chaleur.<br \/>Placez les bougies verticalement.<br \/>Avant d&rsquo;allumer, raccourcissez la m\u00e8che \u00e0 une longueur d&rsquo;environ 1 cm.<br \/>\u00c9touffez toujours la flamme. Ne le fais pas exploser.<br \/>Utilisez toujours un bougeoir.<br \/>Gardez la cire fondue exempte d&rsquo;allumettes et d&rsquo;autres contaminants.<br \/>Ne d\u00e9placez pas une bougie allum\u00e9e.<br \/>Utilisez uniquement des bougies chauffe-plat dans des r\u00e9cipients et des r\u00e9chauds avec une alimentation en air suffisante.<br \/>Utilisez un r\u00e9cipient adapt\u00e9 car ces bougies se liqu\u00e9fient lorsqu&rsquo;elles sont br\u00fbl\u00e9es.<br \/>N&rsquo;utilisez jamais de liquide pour \u00e9teindre.<\/p>\t\t\t\t\t\t\t\t<\/div>\n\t\t\t\t<\/div>\n\t\t\t\t\t<\/div>\n\t\t\t\t<\/div>\n\t\t\t\t<\/div>\n\t\t","protected":false},"excerpt":{"rendered":"<p>Warnhinweis Kerzen WARNHINWEISE Eine brennende Kerze niemals ohne Aufsicht lassen.Au\u00dferhalb der Reichweite von Kindern und Haustieren brennen lassen.Immer mindestens 10 [&hellip;]<\/p>\n","protected":false},"author":1,"featured_media":0,"parent":0,"menu_order":0,"comment_status":"closed","ping_status":"closed","template":"","meta":{"site-sidebar-layout":"no-sidebar","site-content-layout":"","ast-site-content-layout":"full-width-container","site-content-style":"default","site-sidebar-style":"default","ast-global-header-display":"","ast-banner-title-visibility":"","ast-main-header-display":"","ast-hfb-above-header-display":"","ast-hfb-below-header-display":"","ast-hfb-mobile-header-display":"","site-post-title":"disabled","ast-breadcrumbs-content":"","ast-featured-img":"disabled","footer-sml-layout":"","ast-disable-related-posts":"","theme-transparent-header-meta":"","adv-header-id-meta":"","stick-header-meta":"","header-above-stick-meta":"","header-main-stick-meta":"","header-below-stick-meta":"","astra-migrate-meta-layouts":"default","ast-page-background-enabled":"default","ast-page-background-meta":{"desktop":{"background-color":"var(--ast-global-color-4)","background-image":"","background-repeat":"repeat","background-position":"center center","background-size":"auto","background-attachment":"scroll","background-type":"","background-media":"","overlay-type":"","overlay-color":"","overlay-opacity":"","overlay-gradient":""},"tablet":{"background-color":"","background-image":"","background-repeat":"repeat","background-position":"center center","background-size":"auto","background-attachment":"scroll","background-type":"","background-media":"","overlay-type":"","overlay-color":"","overlay-opacity":"","overlay-gradient":""},"mobile":{"background-color":"","background-image":"","background-repeat":"repeat","background-position":"center center","background-size":"auto","background-attachment":"scroll","background-type":"","background-media":"","overlay-type":"","overlay-color":"","overlay-opacity":"","overlay-gradient":""}},"ast-content-background-meta":{"desktop":{"background-color":"var(--ast-global-color-5)","background-image":"","background-repeat":"repeat","background-position":"center center","background-size":"auto","background-attachment":"scroll","background-type":"","background-media":"","overlay-type":"","overlay-color":"","overlay-opacity":"","overlay-gradient":""},"tablet":{"background-color":"var(--ast-global-color-5)","background-image":"","background-repeat":"repeat","background-position":"center center","background-size":"auto","background-attachment":"scroll","background-type":"","background-media":"","overlay-type":"","overlay-color":"","overlay-opacity":"","overlay-gradient":""},"mobile":{"background-color":"var(--ast-global-color-5)","background-image":"","background-repeat":"repeat","background-position":"center center","background-size":"auto","background-attachment":"scroll","background-type":"","background-media":"","overlay-type":"","overlay-color":"","overlay-opacity":"","overlay-gradient":""}},"_themeisle_gutenberg_block_has_review":false,"footnotes":""},"class_list":["post-1187","page","type-page","status-publish","hentry"],"_links":{"self":[{"href":"https:\/\/cosybloom.ch\/fr\/wp-json\/wp\/v2\/pages\/1187","targetHints":{"allow":["GET"]}}],"collection":[{"href":"https:\/\/cosybloom.ch\/fr\/wp-json\/wp\/v2\/pages"}],"about":[{"href":"https:\/\/cosybloom.ch\/fr\/wp-json\/wp\/v2\/types\/page"}],"author":[{"embeddable":true,"href":"https:\/\/cosybloom.ch\/fr\/wp-json\/wp\/v2\/users\/1"}],"replies":[{"embeddable":true,"href":"https:\/\/cosybloom.ch\/fr\/wp-json\/wp\/v2\/comments?post=1187"}],"version-history":[{"count":25,"href":"https:\/\/cosybloom.ch\/fr\/wp-json\/wp\/v2\/pages\/1187\/revisions"}],"predecessor-version":[{"id":1219,"href":"https:\/\/cosybloom.ch\/fr\/wp-json\/wp\/v2\/pages\/1187\/revisions\/1219"}],"wp:attachment":[{"href":"https:\/\/cosybloom.ch\/fr\/wp-json\/wp\/v2\/media?parent=1187"}],"curies":[{"name":"wp","href":"https:\/\/api.w.org\/{rel}","templated":true}]}}