{"id":751,"date":"2024-03-29T23:43:16","date_gmt":"2024-03-29T22:43:16","guid":{"rendered":"https:\/\/cosybloom.ch\/?page_id=751"},"modified":"2024-05-24T21:48:22","modified_gmt":"2024-05-24T19:48:22","slug":"versand-rueckgabe","status":"publish","type":"page","link":"https:\/\/cosybloom.ch\/de\/versand-rueckgabe\/","title":{"rendered":"Versand &amp; R\u00fcckgabe"},"content":{"rendered":"\t\t<div data-elementor-type=\"wp-page\" data-elementor-id=\"751\" class=\"elementor elementor-751\">\n\t\t\t\t<div class=\"elementor-element elementor-element-26518c4 e-flex e-con-boxed e-con e-parent\" data-id=\"26518c4\" data-element_type=\"container\" data-e-type=\"container\">\n\t\t\t\t\t<div class=\"e-con-inner\">\n\t\t\t\t<div class=\"elementor-element elementor-element-9051cbb elementor-widget elementor-widget-text-editor\" data-id=\"9051cbb\" data-element_type=\"widget\" data-e-type=\"widget\" data-widget_type=\"text-editor.default\">\n\t\t\t\t<div class=\"elementor-widget-container\">\n\t\t\t\t\t\t\t\t\t<h3>Versand &amp; R\u00fcckgabe<\/h3>\t\t\t\t\t\t\t\t<\/div>\n\t\t\t\t<\/div>\n\t\t\t\t<div class=\"elementor-element elementor-element-41c609d elementor-widget elementor-widget-text-editor\" data-id=\"41c609d\" data-element_type=\"widget\" data-e-type=\"widget\" data-widget_type=\"text-editor.default\">\n\t\t\t\t<div class=\"elementor-widget-container\">\n\t\t\t\t\t\t\t\t\t<div><div><p><span style=\"font-size: 16px;\">Wir geben unser Bestes, damit unsere koreanische Kosmetik so schnell wie m\u00f6glich an ihrem Ziel ankommt. Bestellungen, die an Werktagen vor 18:00 Uhr eingehen, versuchen wir noch am selben Tag zu versenden. Dies gelingt uns allerdings nicht immer, sodass die Lieferung Ihrer Bestellung unter bestimmten Umst\u00e4nden etwas l\u00e4nger dauern kann.\u00a0<\/span><\/p><ul><li>Die reine Versandzeit betr\u00e4gt f\u00fcr die Schweiz und Liechtenstein zwischen ca. 2-3 Werktage.<\/li><li>Der Versand der verf\u00fcgbaren Ware erfolgt bei Bezahlung mit Kreditkarte in der Regel innert 1-2 Werktagen (Bestellbearbeitung &amp; reine Lieferzeit). Am Wochenenden, National- und Regionalfeiertagen erfolgt keine Lieferung.<\/li><li>Wir haften nicht f\u00fcr Lieferprobleme, die durch die Schweizer Post entstehen. Falls die \u00fcbermittelten Daten nicht korrekt sind, k\u00f6nnen wir f\u00fcr Lieferverz\u00f6gerungen oder nicht erfolgte Lieferungen nicht haftbar gemacht werden.<\/li><li>Geschenkkarte, Lieferkosten: CHF \/ \u20ac 1,50<\/li><li>Bestellwert bis CHF \/ \u20ac 150.- Post Priority: CHF \/ \u20ac 9.00 bis (2kg) \u2013 ca. 1-2\u00a0 Werktage | Post Economy <span style=\"font-size: 14px; font-style: normal; font-weight: 400;\">CHF \/ \u20ac<\/span> 7.00 bis (2kg) \u2013 ca. 2-3 Werktage<\/li><li><strong>* Bieten Sie einen kostenlosen Versand an?<\/strong>Ja, ab einem Bestellwert von 150 CHF \/ \u20ac. ist der Economy-Versand kostenfrei<\/li><\/ul><\/div><\/div><div><p>Wichtig! Wir sind f\u00fcr delivery des Pakets <strong>nicht<\/strong> verantwortlich. Falls Sie Fragen gem\u00e4ss Ihre Sendung haben, kontaktieren Sie uns. Oder Sie k\u00f6nnen Die Swiss Post direkt fragen.<\/p><\/div>\t\t\t\t\t\t\t\t<\/div>\n\t\t\t\t<\/div>\n\t\t\t\t<div class=\"elementor-element elementor-element-e496b15 elementor-widget elementor-widget-text-editor\" data-id=\"e496b15\" data-element_type=\"widget\" data-e-type=\"widget\" data-widget_type=\"text-editor.default\">\n\t\t\t\t<div class=\"elementor-widget-container\">\n\t\t\t\t\t\t\t\t\t<h4>Versandprozess<\/h4><p>Der Versand von vanesis.ch l\u00e4uft \u00fcber folgende Schritte ab:<\/p><p>1. Ihre Bestellung wird in unserem Lagerhaus zusammengesucht.<br \/>2. Ihre Bestellung wird ordentlich verpackt.<br \/>3. Ihre Bestellung wird zusammen mit anderen Bestellungen an den Boten \u00fcbergeben.<br \/>4a. Ihre Bestellung wird an Ihre Lieferadresse geliefert.<br \/>4b. Ihre Bestellung wird an die von Ihnen ausgew\u00e4hlte Abholstation geliefert. Achtung: Sie m\u00fcssen sich identifizieren lassen.<\/p><p>Kontrollieren Sie direkt nach dem Empfang Ihrer Bestellung, ob diese unbesch\u00e4digt und vollst\u00e4ndig ist. Falls dies nicht der Fall ist, bitten wir Sie, so schnell wie m\u00f6glich Kontakt mit uns aufzunehmen.<\/p>\t\t\t\t\t\t\t\t<\/div>\n\t\t\t\t<\/div>\n\t\t\t\t<div class=\"elementor-element elementor-element-661bd4f elementor-widget elementor-widget-text-editor\" data-id=\"661bd4f\" data-element_type=\"widget\" data-e-type=\"widget\" data-widget_type=\"text-editor.default\">\n\t\t\t\t<div class=\"elementor-widget-container\">\n\t\t\t\t\t\t\t\t\t<h4>Ich habe keine Versandbest\u00e4tigung empfangen<\/h4><p>Es kann sein, dass die Versandbest\u00e4tigung aufgrund der Einstellungen Ihres E-Mail-Postfaches im Spam-Ordner gelandet ist. Wir raten Ihnen, die Spamfilter-Einstellungen zu \u00fcberpr\u00fcfen und gegebenenfalls anzupassen. \u00dcberpr\u00fcfen Sie au\u00dferdem immer, ob Sie die richtige E-Mail-Adresse angegeben haben.<\/p>\t\t\t\t\t\t\t\t<\/div>\n\t\t\t\t<\/div>\n\t\t\t\t<div class=\"elementor-element elementor-element-92d460b elementor-widget elementor-widget-text-editor\" data-id=\"92d460b\" data-element_type=\"widget\" data-e-type=\"widget\" data-widget_type=\"text-editor.default\">\n\t\t\t\t<div class=\"elementor-widget-container\">\n\t\t\t\t\t\t\t\t\t<h4>Fehlende Artikel bei Bestellung<\/h4><p>Falls Sie einen oder mehrere Artikel bestellt haben, diese aber nicht erhalten haben, nehmen Sie bitte umgehend Kontakt mit uns auf. Wir freuen uns, wenn wir Ihnen helfen k\u00f6nnen.<\/p>\t\t\t\t\t\t\t\t<\/div>\n\t\t\t\t<\/div>\n\t\t\t\t<div class=\"elementor-element elementor-element-d18fbc7 elementor-widget elementor-widget-text-editor\" data-id=\"d18fbc7\" data-element_type=\"widget\" data-e-type=\"widget\" data-widget_type=\"text-editor.default\">\n\t\t\t\t<div class=\"elementor-widget-container\">\n\t\t\t\t\t\t\t\t\t<h4>Falsche Artikel empfangen<\/h4>\nFalls Sie einen oder mehrere Artikel empfangen haben, die sie nicht bestellt haben, nehmen Sie bitte umgehend Kontakt mit uns auf. Wir freuen uns, wenn wir Ihnen helfen k\u00f6nnen.\t\t\t\t\t\t\t\t<\/div>\n\t\t\t\t<\/div>\n\t\t\t\t<div class=\"elementor-element elementor-element-a872002 elementor-widget elementor-widget-text-editor\" data-id=\"a872002\" data-element_type=\"widget\" data-e-type=\"widget\" data-widget_type=\"text-editor.default\">\n\t\t\t\t<div class=\"elementor-widget-container\">\n\t\t\t\t\t\t\t\t\t<h4>Falsche Adresse eingegeben<\/h4><p>Haben Sie die falsche Adresse eingegeben? Bitte nehmen Sie Kontakt mit uns, meistens k\u00f6nnen wir die Adresse \u00e4ndern. Wenn das Paket schon unterwegs ist, k\u00f6nnen wir leider keine \u00c4nderung vornehmen. Wir machen unser Bestes um Ihr Paket geliefert zu werden.<\/p><p>Wenn das Paket an uns zur\u00fcckgesendet wird, wir k\u00f6nnen es noch mal senden. Die neue Versandkosten werden berechnet. Wenn Sie die Bestellung nach dem Z\u00fcrucksendung wegen einer falschen Adresse stornieren, findet eine R\u00fcckerstattung aussschliessend Versandkosten statt.<\/p>\t\t\t\t\t\t\t\t<\/div>\n\t\t\t\t<\/div>\n\t\t\t\t<div class=\"elementor-element elementor-element-26b296d elementor-widget elementor-widget-text-editor\" data-id=\"26b296d\" data-element_type=\"widget\" data-e-type=\"widget\" data-widget_type=\"text-editor.default\">\n\t\t\t\t<div class=\"elementor-widget-container\">\n\t\t\t\t\t\t\t\t\t<h4>Widerrufsrecht<\/h4><ul><li>Der Kunde hat das Recht, innerhalb von 14 Tagen vom Vertrag zur\u00fcck zu treten (R\u00fccktrittsfrist).<\/li><li>Die R\u00fccktrittsfrist l\u00e4uft 14 Tage nach dem Tag ab, an dem der Kunde oder ein Dritter, der kein Kurier, jedoch vom Kunden beauftragt sein darf, den Besitz \u00fcber die Produkte erh\u00e4lt. Im Fall einer Bestellung \u00fcber verschiedene Artikel, die getrennt geliefert werden, 14 Tage nach dem Tag, an dem der Kunde oder ein Dritter, der ein Kurier, jedoch vom Kunden beauftragt sein darf, den Besitz \u00fcber die Produkte erh\u00e4lt.<\/li><li>Um sein R\u00fccktrittsrecht aus\u00fcben zu k\u00f6nnen, ist der Kunde verpflichtet, VANESI&#8217;S \u00fcber seine Entscheidung, vom Vertrag zur\u00fccktreten zu wollen, mit ausdr\u00fccklicher Erkl\u00e4rung (\u00fcber das Widerrufformular (1) per Post oder E-Mail: hello@vanesis.ch) zu informieren. Zu diesem Zweck hat er das Widerrufsformular auszuf\u00fcllen. Sollte sich der Kunde f\u00fcr den R\u00fccktritt entscheiden, schickt ihm VANEISI&#8217;S eine Empfangsbest\u00e4tigung der R\u00fccktrittserkl\u00e4rung zu (auf dem Postweg oder elektronischem Weg).<\/li><li>Um die R\u00fccktrittsfrist einzuhalten, gen\u00fcgt es, dass der Kunde die R\u00fccktrittserkl\u00e4rung vor dem Ablauf der Frist abschickt.<\/li><li>Sollte der Kunde vom Vertrag zur\u00fccktreten, werden ihm alle Zahlungen, die er zugunsten von VANESI&#8217;S geleistet hat, innerhalb von 14 Tagen, nachdem VANESI&#8217;S \u00fcber die R\u00fccktrittserkl\u00e4rung informiert wurde, erstattet (exklusiv Versandkosten und Geb\u00fchren f\u00fcr Mindestbestellmenge). Diese R\u00fcckerstattungen werden auf dasselbe Zahlungsmittel \u00fcberweisen, das der Kunde f\u00fcr seine Bestellung verwendet hat, soweit nicht ausdr\u00fccklich etwas anderes angegeben wird. Die R\u00fcckerstattung kann bis zum Erhalt der zur\u00fcckgesendeten Ware bzw. der Best\u00e4tigung der R\u00fccksendung der Ware durch den Kunden ausgesetzt werden.<\/li><li>Der Kunde ist dazu verpflichtet, die Ware an VANESI&#8217;S zur\u00fcck zu senden. Dies hat ohne schuldhaftes Verz\u00f6gern innerhalb von 14 Tagen nach Abschicken der R\u00fccktrittserkl\u00e4rung und nach Erhalt der Empfangsbest\u00e4tigung der R\u00fccktrittserkl\u00e4rung von VANESI&#8217;S zu erfolgen. Die R\u00fccktrittsfrist gilt als eingehalten, wenn der Kunde die Ware vor Ablauf der 14 Tage abgeschickt hat. Die direkten Kosten der R\u00fcckgabe fallen zu Lasten des Kunden. Der Kunde ist ausschliesslich f\u00fcr eine Wertverminderung der Ware aufgrund der Handhabung verantwortlich, wenn diese \u00fcber diejenige hinausgeht, die zur Feststellung der Eigenschaften, Art und Natur der Produkte notwendig ist.<\/li><li>Der Kunde kann in keinem Fall vom R\u00fccktrittsrecht Gebrauch machen, wenn es sich um versiegelte Produkte handelt, deren R\u00fcckgabe aus hygienischen oder gesundheitlichen Gr\u00fcnden nicht m\u00f6glich ist und diese nach der Zustellung ge\u00f6ffnet wurden.<\/li><\/ul><ol><li>\u00a0Muster f\u00fcr das Widerrufsformular(Wenn Sie den Vertrag widerrufen wollen, dann f\u00fcllen Sie bitte dieses Formular aus und senden Sie es zur\u00fcck.)An: Unternehmensname, Adresse, E-Mail: hello@vanesis.ch, Telefon (Kosten) +41 77 512 21 11 Hiermit widerrufe(n) ich\/wir (*) den von mir\/uns (*) abgeschlossenen Vertrag \u00fcber den Kauf der folgenden Waren (*)\/ die Erbringung der folgenden Dienstleistung (*)<p>Bestellt am(*)\/erhalten am(*)<\/p><p>Name des\/der Kunde(s)<\/p><p>Anschrift des\/der Kunde(s)<\/p><p>Unterschrift des\/der Kunde(s) (nur bei Mitteilung auf Papier)<\/p><p>Datum<\/p><\/li><\/ol>\t\t\t\t\t\t\t\t<\/div>\n\t\t\t\t<\/div>\n\t\t\t\t\t<\/div>\n\t\t\t\t<\/div>\n\t\t<div class=\"elementor-element elementor-element-5b6cb64 e-flex e-con-boxed e-con e-parent\" data-id=\"5b6cb64\" data-element_type=\"container\" data-e-type=\"container\">\n\t\t\t\t\t<div class=\"e-con-inner\">\n\t\t\t\t<div class=\"elementor-element elementor-element-05d73ea elementor-widget elementor-widget-text-editor\" data-id=\"05d73ea\" data-element_type=\"widget\" data-e-type=\"widget\" data-widget_type=\"text-editor.default\">\n\t\t\t\t<div class=\"elementor-widget-container\">\n\t\t\t\t\t\t\t\t\t<p>1. AUFTRAGSABWICKLUNG<\/p><p>Bestellungen werden von Montag bis Freitag bearbeitet, au\u00dfer an Feiertagen. Bestellungen, die am Samstag und Sonntag aufgegeben werden, werden am Montag bearbeitet. Jede Bestellung wird innerhalb von 24 Arbeitsstunden vorbereitet und dann dem Spediteur zur Lieferung an die zuvor bei der Auftragsbest\u00e4tigung angegebene Adresse \u00fcbergeben. Es werden keine Lieferungen an Postf\u00e4cher oder Milit\u00e4radressen durchgef\u00fchrt.<\/p><p>COSY BLOOM versendet die Produkte nur in die Schweiz und nach Liechtenstein.<\/p><p>COSY BLOOM versendet Produkte in die auf dieser<\/p><p>Bestimmte Produkte unterliegen besonderen Versandvorschriften und k\u00f6nnen nicht in bestimmte L\u00e4nder geliefert werden. Es liegt in der Verantwortung des Kunden, bestimmte Lieferbeschr\u00e4nkungen zu pr\u00fcfen.<\/p><p>Die Lieferung erfolgt durch einen unabh\u00e4ngigen Spediteur an die vom Kunden bei der Bestellung angegebene Adresse, auf die der Spediteur leicht zugreifen kann.<\/p><p>2.LIEFERBEDINGUNGEN<\/p><p>Die Versandkosten h\u00e4ngen von (i) dem Bestimmungsland, (ii) dem Gewicht und Volumen der Bestellung und (iii) der Versicherungsoption ab.<\/p><p>Menge und Lieferzeit werden bei der Auftragsbest\u00e4tigung angegeben.<\/p><p>2.1 Berechnung der Lieferzeit<\/p><p>Lieferzeit = Versand + Transport<\/p><p>Versand = Auftragsvorbereitungszeit<\/p><p>Transport = Lieferzeit der Bestellung<\/p><p>COSY BLOOM verpflichtet sich, alle Anstrengungen zu unternehmen, um die Produkte schnell nach Best\u00e4tigung der Bestellung zu liefern.<\/p><p>COSY BLOOM lehnt in jedem Fall jede Verantwortung f\u00fcr Verluste oder Sch\u00e4den ab, die dem Kunden aufgrund einer Verz\u00f6gerung oder h\u00f6herer Gewalt w\u00e4hrend der Lieferung entstehen.<\/p><p>Dar\u00fcber hinaus wird COSY BLOOM den Kunden so schnell wie m\u00f6glich \u00fcber etwaige Verz\u00f6gerungen informieren. Dieser hat dann vorbehaltlich der gesetzlichen Bestimmungen die M\u00f6glichkeit, die Bestellung zu stornieren.<\/p><p>2.1 Lieferschwierigkeiten<\/p><p>Der Kunde ist verpflichtet, bei der Bestellung eine korrekte und vollst\u00e4ndige Lieferadresse anzugeben. Es liegt in seiner Verantwortung, die Lieferadresse in jeder der bereitgestellten E-Mails oder Briefe zu \u00fcberpr\u00fcfen und COSY BLOOM unverz\u00fcglich \u00fcber jeden Fehler oder jede Auslassung \u00fcber customerservice@cosybloom.ch. zu informieren; COSY BLOOM beh\u00e4lt sich das Recht vor, zus\u00e4tzliche Lieferkosten in Rechnung zu stellen, die aufgrund eines Fehlers im Zusammenhang mit der Lieferung anfallen Adresse aufgrund des Kunden.<\/p><p>Sollte die Lieferung an die angegebene Adresse aus Gr\u00fcnden, die nichts mit COSY BLOOM zu tun haben, nicht m\u00f6glich sein, wird der Spediteur den Kunden schnellstm\u00f6glich per E-Mail informieren und einen sp\u00e4teren Liefertermin oder eine sp\u00e4tere Lieferfrist angeben.<\/p><p>Der Kunde ist verpflichtet, den Zustand der gelieferten Produkte zu \u00fcberpr\u00fcfen. Er verf\u00fcgt \u00fcber eine Frist von drei Tagen (ausgenommen Feiertage) ab Lieferung, um schriftlich per Einschreiben mit der Bitte um Empfangsbest\u00e4tigung Vorbehalte oder Beschwerden wegen Nichtkonformit\u00e4t oder offensichtlicher M\u00e4ngel der gelieferten Produkte (z. B. besch\u00e4digte, bereits ge\u00f6ffnete Verpackung) zu \u00e4u\u00dfern.), mit allen relevanten Belegen (insbesondere Fotos). Nach Ablauf dieser Frist und bei Nichteinhaltung dieser Formalit\u00e4ten gelten die Produkte als konform und frei von offensichtlichen M\u00e4ngeln und eine Reklamation kann vom Verk\u00e4ufer nicht mehr g\u00fcltig akzeptiert werden.<\/p><p>Der Verk\u00e4ufer erstattet oder ersetzt so schnell wie m\u00f6glich und auf seine Kosten die gelieferten Produkte, deren Vertragswidrigkeit oder offensichtliche oder versteckte M\u00e4ngel vom Kunden ordnungsgem\u00e4\u00df nachgewiesen wurden, gem\u00e4\u00df den in den Allgemeinen Gesch\u00e4ftsbedingungen (siehe Garantien, insbesondere).<\/p><p>2.2 Wareneingang<\/p><p>Jede Lieferung gilt als erfolgt, sobald die Produkte vom Spediteur dem Kunden oder einem von ihm benannten Dritten zur Verf\u00fcgung gestellt werden, was durch das vom Spediteur verwendete Kontrollsystem zustande kommt. Es ist kein Streit \u00fcber die Lieferung selbst m\u00f6glich, wenn das Paket scheinbar zugestellt wurde und das Computersystem des Spediteurs als Beweis herangezogen wird.<\/p><p>Nach Erhalt der Produkte kann der Kunde auf dem Lieferschein best\u00e4tigen, dass die Produkte in gutem Zustand geliefert wurden. Ist dies nicht der Fall, muss der Kunde die Lieferung verweigern. Wenn der Kunde den Zustand der Produkte zum Zeitpunkt der Lieferung nicht \u00fcberpr\u00fcfen kann, wird er auf dem Lieferschein &#8222;NICHT GEPR\u00dcFT\u201c vermerken.<\/p>\t\t\t\t\t\t\t\t<\/div>\n\t\t\t\t<\/div>\n\t\t\t\t\t<\/div>\n\t\t\t\t<\/div>\n\t\t\t\t<\/div>\n\t\t","protected":false},"excerpt":{"rendered":"<p>Versand &amp; R\u00fcckgabe Wir geben unser Bestes, damit unsere koreanische Kosmetik so schnell wie m\u00f6glich an ihrem Ziel ankommt. Bestellungen, [&hellip;]<\/p>\n","protected":false},"author":1,"featured_media":0,"parent":0,"menu_order":0,"comment_status":"closed","ping_status":"closed","template":"","meta":{"site-sidebar-layout":"no-sidebar","site-content-layout":"","ast-site-content-layout":"full-width-container","site-content-style":"default","site-sidebar-style":"default","ast-global-header-display":"","ast-banner-title-visibility":"","ast-main-header-display":"","ast-hfb-above-header-display":"","ast-hfb-below-header-display":"","ast-hfb-mobile-header-display":"","site-post-title":"disabled","ast-breadcrumbs-content":"","ast-featured-img":"disabled","footer-sml-layout":"","ast-disable-related-posts":"","theme-transparent-header-meta":"","adv-header-id-meta":"","stick-header-meta":"","header-above-stick-meta":"","header-main-stick-meta":"","header-below-stick-meta":"","astra-migrate-meta-layouts":"default","ast-page-background-enabled":"default","ast-page-background-meta":{"desktop":{"background-color":"var(--ast-global-color-4)","background-image":"","background-repeat":"repeat","background-position":"center center","background-size":"auto","background-attachment":"scroll","background-type":"","background-media":"","overlay-type":"","overlay-color":"","overlay-opacity":"","overlay-gradient":""},"tablet":{"background-color":"","background-image":"","background-repeat":"repeat","background-position":"center center","background-size":"auto","background-attachment":"scroll","background-type":"","background-media":"","overlay-type":"","overlay-color":"","overlay-opacity":"","overlay-gradient":""},"mobile":{"background-color":"","background-image":"","background-repeat":"repeat","background-position":"center center","background-size":"auto","background-attachment":"scroll","background-type":"","background-media":"","overlay-type":"","overlay-color":"","overlay-opacity":"","overlay-gradient":""}},"ast-content-background-meta":{"desktop":{"background-color":"var(--ast-global-color-5)","background-image":"","background-repeat":"repeat","background-position":"center center","background-size":"auto","background-attachment":"scroll","background-type":"","background-media":"","overlay-type":"","overlay-color":"","overlay-opacity":"","overlay-gradient":""},"tablet":{"background-color":"var(--ast-global-color-5)","background-image":"","background-repeat":"repeat","background-position":"center center","background-size":"auto","background-attachment":"scroll","background-type":"","background-media":"","overlay-type":"","overlay-color":"","overlay-opacity":"","overlay-gradient":""},"mobile":{"background-color":"var(--ast-global-color-5)","background-image":"","background-repeat":"repeat","background-position":"center center","background-size":"auto","background-attachment":"scroll","background-type":"","background-media":"","overlay-type":"","overlay-color":"","overlay-opacity":"","overlay-gradient":""}},"_themeisle_gutenberg_block_has_review":false,"footnotes":""},"class_list":["post-751","page","type-page","status-publish","hentry"],"_links":{"self":[{"href":"https:\/\/cosybloom.ch\/de\/wp-json\/wp\/v2\/pages\/751","targetHints":{"allow":["GET"]}}],"collection":[{"href":"https:\/\/cosybloom.ch\/de\/wp-json\/wp\/v2\/pages"}],"about":[{"href":"https:\/\/cosybloom.ch\/de\/wp-json\/wp\/v2\/types\/page"}],"author":[{"embeddable":true,"href":"https:\/\/cosybloom.ch\/de\/wp-json\/wp\/v2\/users\/1"}],"replies":[{"embeddable":true,"href":"https:\/\/cosybloom.ch\/de\/wp-json\/wp\/v2\/comments?post=751"}],"version-history":[{"count":47,"href":"https:\/\/cosybloom.ch\/de\/wp-json\/wp\/v2\/pages\/751\/revisions"}],"predecessor-version":[{"id":1494,"href":"https:\/\/cosybloom.ch\/de\/wp-json\/wp\/v2\/pages\/751\/revisions\/1494"}],"wp:attachment":[{"href":"https:\/\/cosybloom.ch\/de\/wp-json\/wp\/v2\/media?parent=751"}],"curies":[{"name":"wp","href":"https:\/\/api.w.org\/{rel}","templated":true}]}}