{"id":749,"date":"2024-03-29T23:42:32","date_gmt":"2024-03-29T22:42:32","guid":{"rendered":"https:\/\/cosybloom.ch\/?page_id=749"},"modified":"2024-04-14T22:59:35","modified_gmt":"2024-04-14T20:59:35","slug":"datenschutzerklaerung","status":"publish","type":"page","link":"https:\/\/cosybloom.ch\/de\/datenschutzerklaerung\/","title":{"rendered":"Datenschutzerkl\u00e4rung"},"content":{"rendered":"\t\t<div data-elementor-type=\"wp-page\" data-elementor-id=\"749\" class=\"elementor elementor-749\">\n\t\t\t\t<div class=\"elementor-element elementor-element-1f1ac91 e-flex e-con-boxed e-con e-parent\" data-id=\"1f1ac91\" data-element_type=\"container\" data-e-type=\"container\">\n\t\t\t\t\t<div class=\"e-con-inner\">\n\t\t\t\t<div class=\"elementor-element elementor-element-c18ed72 elementor-widget elementor-widget-text-editor\" data-id=\"c18ed72\" data-element_type=\"widget\" data-e-type=\"widget\" data-widget_type=\"text-editor.default\">\n\t\t\t\t<div class=\"elementor-widget-container\">\n\t\t\t\t\t\t\t\t\t<h2>DATENSCHUTZERKL\u00c4RUNG<\/h2>\t\t\t\t\t\t\t\t<\/div>\n\t\t\t\t<\/div>\n\t\t\t\t<div class=\"elementor-element elementor-element-79bead8 elementor-widget elementor-widget-text-editor\" data-id=\"79bead8\" data-element_type=\"widget\" data-e-type=\"widget\" data-widget_type=\"text-editor.default\">\n\t\t\t\t<div class=\"elementor-widget-container\">\n\t\t\t\t\t\t\t\t\t<section class=\"elementor-section elementor-top-section elementor-element elementor-element-78c1a7f elementor-section-boxed elementor-section-height-default elementor-section-height-default\" data-id=\"78c1a7f\" data-element_type=\"section\"><div class=\"elementor-container elementor-column-gap-default\"><div class=\"elementor-row\"><div class=\"elementor-column elementor-col-100 elementor-top-column elementor-element elementor-element-ebfe125\" data-id=\"ebfe125\" data-element_type=\"column\"><div class=\"elementor-column-wrap elementor-element-populated\"><div class=\"elementor-widget-wrap\"><div class=\"elementor-element elementor-element-3b4e6b5 elementor-widget elementor-widget-heading\" data-id=\"3b4e6b5\" data-element_type=\"widget\" data-widget_type=\"heading.default\"><div class=\"elementor-widget-container\"><p>Diese Datenschutzrichtlinie gilt f\u00fcr die Verarbeitung personenbezogener Daten von Kunden, die Bestellungen aufgeben oder die Bestellungen anlegen.Alle Daten weren gem\u00e4ss Datenschutzverordnung (DSGVO) verarbeitet.<\/p><h5 class=\"elementor-heading-title elementor-size-default\"><strong><span style=\"font-size: 16px;\">Welche personenbezogenen Daten verarbeiten wir und warum?<\/span><\/strong><\/h5><\/div><\/div><\/div><\/div><\/div><\/div><\/div><\/section><section class=\"elementor-section elementor-top-section elementor-element elementor-element-b166f8b elementor-section-boxed elementor-section-height-default elementor-section-height-default\" data-id=\"b166f8b\" data-element_type=\"section\"><div class=\"elementor-container elementor-column-gap-default\"><div class=\"elementor-row\"><div class=\"elementor-column elementor-col-100 elementor-top-column elementor-element elementor-element-c1ac073\" data-id=\"c1ac073\" data-element_type=\"column\"><div class=\"elementor-column-wrap elementor-element-populated\"><div class=\"elementor-widget-wrap\"><div class=\"elementor-element elementor-element-9f3e5bd elementor-widget elementor-widget-text-editor\" data-id=\"9f3e5bd\" data-element_type=\"widget\" data-widget_type=\"text-editor.default\"><div class=\"elementor-widget-container\"><div class=\"elementor-text-editor elementor-clearfix\"><p style=\"text-align: left;\">vanesis.ch verarbeitet Ihre pers\u00f6nlichen Daten, weil Sie unsere Dienste nutzen. Wir verwenden die folgenden personenbezogenen Daten f\u00fcr folgende Zwecke.<\/p><h5 style=\"text-align: left;\"><strong>1. Bestellvorgang<\/strong><\/h5><p style=\"text-align: left;\">Wir verarbeiten die personenbezogenen Daten, die Sie uns bei Ihrer Bestellung \u00fcbermitteln.\u00a0Diese pers\u00f6nlichen Daten werden f\u00fcr die Bearbeitung Ihrer Bestellung, die Best\u00e4tigung Ihrer Bestellung und die Bewertung Ihrer Bestellung, die Zahlung und die m\u00f6gliche R\u00fcckerstattung ben\u00f6tigt.\u00a0Rechtsgrundlage f\u00fcr diese Verarbeitung personenbezogener Daten ist, dass dies f\u00fcr die Vertragserf\u00fcllung im Sinne des GCC erforderlich ist.\u00a0Wir verarbeiten die folgenden personenbezogenen Daten w\u00e4hrend des Bestellvorgangs:<\/p><ul><li style=\"text-align: left;\">Name<\/li><li style=\"text-align: left;\">Adressdaten<\/li><li style=\"text-align: left;\">Kontaktinformation<\/li><li style=\"text-align: left;\">Bestelldetails<\/li><li style=\"text-align: left;\">Zahlungsdetails<\/li><li style=\"text-align: left;\">Kommentare (falls vorhanden)<\/li><\/ul><h5><strong>2. Produktkommentare<\/strong><\/h5><p style=\"text-align: left;\">Zus\u00e4tzlich zu den oben aufgef\u00fchrten Verarbeitungsaktivit\u00e4ten verarbeiten wir die personenbezogenen Daten, die Sie bei der Abgabe einer Produktbewertung angeben. Die Rechtsgrundlage f\u00fcr diese Verarbeitung personenbezogener Daten ist, dass Sie dieser Verarbeitung (Ver\u00f6ffentlichung einer Produktbewertung) gem\u00e4\u00df GCC zugestimmt haben. Sie k\u00f6nnen Ihre Einwilligung widerrufen, indem Sie uns unter <a href=\"customerservice@cosybloom.ch\"><strong>customerservice@cosybloom.ch\u00a0kontaktieren.<\/strong><\/a> Wir verarbeiten die folgenden pers\u00f6nlichen Informationen, wenn Sie eine Produktbewertung abgeben:<\/p><ul><li style=\"text-align: left;\">Name (falls \u00fcbertragen)<\/li><li style=\"text-align: left;\">Bewertung, einschlie\u00dflich Kommentare (falls vorhanden)<\/li><\/ul><h5 style=\"text-align: left;\"><strong>3. Kundendienst<\/strong><\/h5><p style=\"text-align: left;\">Wenn Sie sich an unseren Kundendienst wenden, verwenden wir die von Ihnen angegebenen pers\u00f6nlichen Daten, um Ihre Frage zu beantworten oder Ihre Beschwerde zu bearbeiten. Rechtsgrundlage f\u00fcr diese Verarbeitung personenbezogener Daten ist, dass dies f\u00fcr die Vertragserf\u00fcllung im Sinne des GCC erforderlich ist. Wir verarbeiten folgende personenbezogene Daten f\u00fcr Kundendienstzwecke:<\/p><ul><li style=\"text-align: left;\">Name<\/li><li style=\"text-align: left;\">Adressdaten (falls vorhanden)<\/li><li style=\"text-align: left;\">Kontaktinformation<\/li><li style=\"text-align: left;\">Bestelldetails<\/li><li style=\"text-align: left;\">Zahlungsdetails (falls vorhanden)<\/li><li style=\"text-align: left;\">Kommentare (falls vorhanden)<\/li><\/ul><h5 style=\"text-align: left;\"><strong>4. Umfragen zur Kundenzufriedenheit<\/strong><\/h5><p style=\"text-align: left;\">Um sicherzustellen, dass unsere Services auf Ihre Vorlieben zugeschnitten sind, k\u00f6nnen die pers\u00f6nlichen Informationen, die Sie an unsere Kundendienstabteilung senden, f\u00fcr Aktivit\u00e4ten wie Umfragen zur Kundenzufriedenheit verwendet werden. Die Rechtsgrundlage f\u00fcr diese Verarbeitungst\u00e4tigkeit besteht darin, dass ein legitimes vanesis.ch-Interesse (Kundenzufriedenheit) im Sinne der DSGVO verfolgt werden muss. Dies gilt f\u00fcr dieselben personenbezogenen Daten wie in Nummer 2 angegeben.<\/p><h5 style=\"text-align: left;\"><strong>5. Marketingmitteilungen<\/strong><\/h5><p style=\"text-align: left;\">Wir verarbeiten auch Ihre pers\u00f6nlichen Daten, um Ihnen (personalisierte) Marketingank\u00fcndigungen und Benachrichtigungen zu senden. Diese Mitteilungen umfassen die neuesten Nachrichten, Rabatte und Aktualisierungen f\u00fcr neue Produkte (per E-Mail oder Push-Benachrichtigung) und Treueprogramme, unabh\u00e4ngig davon, in welchem Format wir diese Art der Kommunikation verteilen (einschlie\u00dflich E-Mail- oder Push-Benachrichtigung). Rechtsgrundlage f\u00fcr diese Verarbeitung personenbezogener Daten im Sinne des GCC ist, dass Sie bei der Bestellung Ihre Zustimmung gegeben haben.<\/p><p style=\"text-align: left;\">Wir verarbeiten folgende personenbezogene Daten zu Marketingzwecken:<\/p><ul><li style=\"text-align: left;\">Name<\/li><li style=\"text-align: left;\">Kontaktinformation<\/li><li style=\"text-align: left;\">Postleitzahl<\/li><\/ul><h5 style=\"text-align: left;\"><strong>6. Cookies<\/strong><\/h5><p style=\"text-align: left;\">Wir verarbeiten auch personenbezogene Daten, die Sie indirekt an uns weitergeben. vanesis.ch verwendet Cookies f\u00fcr funktionale, analytische und kommerzielle Zwecke. Zur Nutzung der Website sind funktionale Cookies erforderlich. Cookies sammeln folgende personenbezogene Daten:<\/p><ul><li style=\"text-align: left;\">Standortdaten<\/li><li style=\"text-align: left;\">IP-Adresse oder Anwendungs-IDs<\/li><li style=\"text-align: left;\">Internetbrowser und Ger\u00e4tetyp<\/li><li style=\"text-align: left;\">Website-Sprache<\/li><\/ul><p style=\"text-align: left;\">Weitere Details zu Cookies finden Sie\u00a0in der\u00a0\u00a0Cookie-Anweisung.<\/p><h5>\u00a0<\/h5><h5 style=\"text-align: left;\"><strong>7. Betrugspr\u00e4vention<\/strong><\/h5><p style=\"text-align: left;\">Wir verarbeiten auch einige der oben genannten pers\u00f6nlichen Informationen, um Betrug und andere Formen des Missbrauchs zu verhindern. Die Rechtsgrundlage f\u00fcr diese Verarbeitungst\u00e4tigkeit besteht darin, dass ein berechtigtes Interesse an vanesis.ch (Betrugspr\u00e4vention) im Sinne der DSGVO verfolgt werden muss.<\/p><h5>\u00a0<\/h5><h5 style=\"text-align: left;\"><strong>8. Analyse<\/strong><\/h5><p style=\"text-align: left;\">Wir verwenden Ihre personenbezogenen Daten auch, um unsere Berichtspflichten gegen\u00fcber Werbetreibenden und Stakeholdern zu erf\u00fcllen und unsere Website sowie unser Produkt- und Dienstleistungsangebot verbessern zu k\u00f6nnen. Die Rechtsgrundlage f\u00fcr diese Verarbeitungst\u00e4tigkeit besteht darin, dass ein berechtigtes Interesse an vanesis.ch (Analyse und Berichterstattung) im Sinne der DSGVO verfolgt werden muss. Wir werden grunds\u00e4tzlich sicherstellen, dass Berichte keine Daten enthalten, die auf Sie zur\u00fcckgef\u00fchrt werden k\u00f6nnen.<\/p><h5>\u00a0<\/h5><h5 style=\"text-align: left;\"><strong>9. Alter<\/strong><\/h5><p style=\"text-align: left;\">Unsere Website ist nicht f\u00fcr Personen unter 16 Jahren bestimmt und wir beabsichtigen nicht, personenbezogene Daten von Website-Besuchern unter 16 Jahren zu sammeln.\u00a0Wir haben jedoch keine M\u00f6glichkeit, das Alter der Besucher zu \u00fcberpr\u00fcfen.\u00a0Daher empfehlen wir Eltern, die Online-Aktivit\u00e4ten ihrer Kinder zu \u00fcberwachen, um die Erhebung ihrer pers\u00f6nlichen Daten ohne Zustimmung der Eltern zu verhindern.\u00a0Wenn Sie den Verdacht haben, dass wir ohne Zustimmung personenbezogene Daten von Minderj\u00e4hrigen gesammelt haben,\u00a0\u00a0<a href=\"customerservice@cosybloom.ch\" target=\"_blank\" rel=\"noopener\">kontaktieren Sie<\/a> \u00a0uns unter <a href=\"mailto:customerservice@cosybloom.ch\">customerservice@cosybloom.ch<\/a>.\u00a0Als n\u00e4chstes werden wir die L\u00f6schung dieser Daten veranlassen.<\/p><h5>\u00a0<\/h5><h5 style=\"text-align: left;\"><strong>10. Automatisierte Entscheidungsfindung und Profilerstellung<\/strong><\/h5><p style=\"text-align: left;\">vanesis.ch verwendet automatisierte Entscheidungen und Profile als Teil der Vertragsabwicklung mit Ihnen und um unsere Plattform zu verbessern. vanesis.ch nutzt auch automatisierte Entscheidungen, um unseren gesetzlichen Verpflichtungen zur Verhinderung von Geldw\u00e4sche, Terrorismusfinanzierung und anderen Verbrechen nachzukommen.<\/p><p style=\"text-align: left;\">Wenn eine solche automatisierte Entscheidungsfindung und \/ oder ein solches Profil zu einer negativen Entscheidung f\u00fcr Sie f\u00fchrt und Sie nicht einverstanden sind, k\u00f6nnen Sie\u00a0\u00a0\u00a0uns unter <a href=\"mailto:customerservice@cosybloom.ch\">customerservice@cosybloom.ch<\/a><a href=\"http:\/\/maito:elia-lemoni.ch\/\" target=\"_blank\" rel=\"noopener\">\u00a0<\/a><a href=\"customerservice@cosybloom.ch\" target=\"_blank\" rel=\"noopener\">kontaktieren<\/a>\u00a0.\u00a0Als n\u00e4chstes werden wir beginnen, die Situation neu zu bewerten.\u00a0Abgesehen davon w\u00fcrden wir uns auch freuen, wenn Sie uns Vorschl\u00e4ge zur Verbesserung dieser Prozesse unterbreiten k\u00f6nnten.<\/p><h5>\u00a0<\/h5><h5 style=\"text-align: left;\"><strong>11. Wie lange speichern wir Ihre pers\u00f6nlichen Daten?<\/strong><\/h5><p style=\"text-align: left;\">vanesis.ch speichert Ihre pers\u00f6nlichen Daten nicht l\u00e4nger als f\u00fcr die Zwecke, f\u00fcr die Ihre pers\u00f6nlichen Daten gesammelt werden, unbedingt erforderlich ist. Wir werden Ihre pers\u00f6nlichen Daten l\u00e4nger aufbewahren, wenn dies gesetzlich vorgeschrieben ist. vanesis.ch l\u00f6scht die meisten Ihrer pers\u00f6nlichen Daten 2 Jahre nach Ihrer Bestellung. Wir verwenden diesen Zeitraum von 2 Jahren f\u00fcr Verwaltungszwecke und zur Bearbeitung von Fragen und Beschwerden zu Ihrer Bestellung von Ihnen. Wir bewahren die personenbezogenen Daten, die wir zur Meldung, Analyse und Verhinderung von Missbrauch verwenden, bis zu 20 Jahre nach Ihrer Bestellung auf.Wir k\u00f6nnen Ihre pers\u00f6nlichen Daten nicht aus Backups entfernen. Wenn wir jedoch aus einem Backup wiederherstellen, werden wir Ihre pers\u00f6nlichen Daten sofort l\u00f6schen.<\/p><h5>\u00a0<\/h5><h5 style=\"text-align: left;\"><strong>12. Transfer zu anderen<\/strong><\/h5><p style=\"text-align: left;\">vanesis.ch wird Ihre personenbezogenen Daten nicht an Dritte verkaufen und wir werden sie nur an Dritte weitergeben, wenn dies zur Ausf\u00fchrung unseres Vertrages mit Ihnen, zu Analyse- und Marketingzwecken oder zur Einhaltung gesetzlicher Verpflichtungen erforderlich ist.<\/p><p style=\"text-align: left;\">Ihre pers\u00f6nlichen Daten k\u00f6nnen an folgende Parteien weitergegeben werden:<\/p><p style=\"text-align: left;\">Dritte, die verschiedene Aktivit\u00e4ten durchf\u00fchren, um unsere Dienstleistungen zu f\u00f6rdern, zu vermarkten oder zu unterst\u00fctzen.\u00a0Dazu geh\u00f6ren Social Media-Plattformen wie Facebook, Offline-Account-Manager, Website- und Anwendungssupport- und Hosting-Services, Marketing-Anbieter, eCRM-Partner, die Marketing-Nachrichten und Push-Benachrichtigungen verwalten, Lieferfirmen, die Ihre Bestellung verwalten Zahlungsabwicklungsanbieter, die Zahlungskartentransaktionen abwickeln \u2013 einer dieser Dritten kann sich in oder au\u00dferhalb Ihres Wohnsitzlandes befinden.<\/p><p style=\"text-align: left;\">Strafverfolgungsbeh\u00f6rden, Aufsichtsbeh\u00f6rden oder andere Beh\u00f6rden, Gerichte oder andere Dritte, bei denen wir der Ansicht sind, dass eine Offenlegung nach geltendem Recht oder geltenden Vorschriften erforderlich ist.<\/p><p style=\"text-align: left;\">Neue Eigent\u00fcmer oder reorganisierte Unternehmen sowie deren Vertreter und Berater bei Reorganisationen, Verk\u00e4ufen, K\u00e4ufen oder Konsortien, die unser Gesch\u00e4ft betreffen. Softwareanbieter<\/p><h5>\u00a0<\/h5><h5 style=\"text-align: left;\"><strong>13. Anwendung<\/strong><\/h5><p style=\"text-align: left;\">Jede andere Person, mit der wir Ihre Daten mit Ihrer Erlaubnis teilen d\u00fcrfen<\/p><p style=\"text-align: left;\">Wenn Sie sich f\u00fcr das personalisierte Cookie-Paket entschieden haben, \u00fcbertragen wir Ihre pers\u00f6nlichen Daten unter einem Pseudonym m\u00f6glicherweise auf Plattformen von Drittanbietern wie Google oder Facebook, um \u201cbenutzerdefinierte Zielgruppenelemente\u201d zu erstellen.\u00a0Auf solchen Plattformen werden personalisierte Anzeigen basierend auf diesen benutzerdefinierten Zielgruppentypen angezeigt.\u00a0Sie k\u00f6nnen diese Anzeigen jederzeit abbestellen, indem Sie das Basis-Cookie-Paket aufrufen.<\/p><p style=\"text-align: left;\">Sobald wir Ihre personenbezogenen Daten in unserem Namen an uns auslagern, schlie\u00dfen wir einen Datenverarbeitungsvertrag ab, um das gleiche Ma\u00df an Schutz und Vertraulichkeit Ihrer personenbezogenen Daten zu gew\u00e4hrleisten.<\/p><h5>\u00a0<\/h5><h5 style=\"text-align: left;\"><strong>14. Websites von Drittanbietern<\/strong><\/h5><p style=\"text-align: left;\">Unsere Website kann Links zu Websites Dritter enthalten. Beachten Sie beim Zugriff auf diese Websites von Drittanbietern, dass f\u00fcr jede dieser Websites eine eigene Datenschutzrichtlinie gilt. Obwohl vanesis.ch bei der Auswahl von Websites f\u00fcr solche Links gro\u00dfe Sorgfalt wendet, k\u00f6nnen wir keine Verantwortung f\u00fcr den Umgang mit Ihren pers\u00f6nlichen Daten durch die Betreiber dieser Websites \u00fcbernehmen.<\/p><h5>\u00a0<\/h5><h5 style=\"text-align: left;\"><strong>15. Internationale Daten\u00fcbertragung<\/strong><\/h5><p style=\"text-align: left;\">Wir k\u00f6nnen Ihre Daten in L\u00e4nder au\u00dferhalb des Landes \u00fcbertragen, in dem Sie sich befinden. Auch wenn in diesen L\u00e4ndern m\u00f6glicherweise andere Datenschutzgesetze gelten als in Ihrem Land, k\u00f6nnen Sie sicher sein, dass vanesis.ch geeignete Sicherheitsma\u00dfnahmen zum Schutz Ihrer Daten in diesen L\u00e4ndern ergreift. in \u00dcbereinstimmung mit dieser Datenschutzerkl\u00e4rung. Zu den Sicherheitsma\u00dfnahmen, auf die wir uns st\u00fctzen, geh\u00f6rt m\u00f6glicherweise die Verwendung von Standardvertragsklauseln, die von der Europ\u00e4ischen Kommission mit unseren Lieferanten genehmigt wurden, sowie gruppeninterne Transfervereinbarungen.<\/p><h5>\u00a0<\/h5><h5 style=\"text-align: left;\"><strong>16. Zugriff, Korrektur und L\u00f6schung personenbezogener Daten<\/strong><\/h5><p style=\"text-align: left;\">Sie haben das Recht, auf alle personenbezogenen Daten zuzugreifen, die wir \u00fcber Sie sammeln, und zu verlangen, dass wir Ihre personenbezogenen Daten korrigieren oder l\u00f6schen. Wenn Sie der Meinung sind, dass wir Ihre personenbezogenen Daten ohne g\u00fcltige Rechtsgrundlage verarbeiten oder dass wir personenbezogene Daten verarbeiten, die nicht mit unserem Auswahlverfahren in Zusammenhang stehen, kontaktieren Sie uns bitte. Sie k\u00f6nnen uns unter\u00a0 <a href=\"mailto:customerservice@cosybloom.ch\">customerservice@cosybloom.ch<\/a><a href=\"customerservice@cosybloom.ch\" target=\"_blank\" rel=\"noopener\">\u00a0kontaktieren<\/a><a href=\"mailto:info@eat.ch\">\u00a0<\/a> . vanesis.ch wird Ihre Anfrage so schnell wie m\u00f6glich und innerhalb von vier Wochen nach Eingang Ihrer Anfrage beantworten.<\/p><h5>\u00a0<\/h5><h5 style=\"text-align: left;\"><strong>17. Tipps, Fragen und Beschwerden<\/strong><\/h5><p style=\"text-align: left;\">Wenn Sie weitere Fragen oder Beschwerden zur Verarbeitung Ihrer personenbezogenen Daten haben, helfen wir Ihnen gerne weiter.\u00a0Wir w\u00fcrden uns auch freuen, wenn Sie uns um Rat oder Vorschl\u00e4ge zur Verbesserung Ihrer Datenschutzrichtlinie bitten k\u00f6nnten.<\/p><h5>\u00a0<\/h5><h5 style=\"text-align: left;\"><strong>18. Sicherheit<\/strong><\/h5><p style=\"text-align: left;\">vanesis.ch nimmt den Schutz Ihrer pers\u00f6nlichen Daten sehr ernst und daher ergreifen wir die entsprechenden Ma\u00dfnahmen, um Ihre pers\u00f6nlichen Daten vor Missbrauch, Verlust, unbefugtem Zugriff, unerw\u00fcnschter Offenlegung und unbefugter \u00c4nderung zu sch\u00fctzen. Wenn Sie der Meinung sind, dass Ihre pers\u00f6nlichen Daten nicht angemessen gesch\u00fctzt sind oder Hinweise auf Missbrauch vorliegen,\u00a0\u00a0kontaktieren Sie uns unter <a href=\"mailto:customerservice@cosybloom.ch\">customerservice@cosybloom.ch<\/a><\/p><h5>\u00a0<\/h5><h5 style=\"text-align: left;\"><strong>19. Beschwerde bei der Datenschutzbeh\u00f6rde<\/strong><\/h5><p style=\"text-align: left;\">Neben der M\u00f6glichkeit, eine Beschwerde bei uns einzureichen, haben Sie auch das Recht, eine Beschwerde bei der f\u00fcr den Schutz personenbezogener Daten zust\u00e4ndigen Aufsichtsbeh\u00f6rde einzureichen.\u00a0Zu diesem Zweck k\u00f6nnen Sie sich direkt an den Supervisor wenden.<\/p><h5>\u00a0<\/h5><h5 style=\"text-align: left;\"><strong>20. Aktualisierungen dieser Datenschutzrichtlinie<\/strong><\/h5><p style=\"text-align: left;\">Wir k\u00f6nnen diese Datenschutzerkl\u00e4rung von Zeit zu Zeit angesichts sich \u00e4ndernder rechtlicher, technischer oder gesch\u00e4ftlicher Entwicklungen aktualisieren und Sie \u00fcber die Plattform auf dem Laufenden halten.<\/p><\/div><\/div><\/div><\/div><\/div><\/div><\/div><\/div><\/section>\t\t\t\t\t\t\t\t<\/div>\n\t\t\t\t<\/div>\n\t\t\t\t\t<\/div>\n\t\t\t\t<\/div>\n\t\t\t\t<\/div>\n\t\t","protected":false},"excerpt":{"rendered":"<p>DATENSCHUTZERKL\u00c4RUNG Diese Datenschutzrichtlinie gilt f\u00fcr die Verarbeitung personenbezogener Daten von Kunden, die Bestellungen aufgeben oder die Bestellungen anlegen. Alle Daten [&hellip;]<\/p>\n","protected":false},"author":1,"featured_media":0,"parent":0,"menu_order":0,"comment_status":"closed","ping_status":"closed","template":"","meta":{"site-sidebar-layout":"no-sidebar","site-content-layout":"","ast-site-content-layout":"full-width-container","site-content-style":"default","site-sidebar-style":"default","ast-global-header-display":"","ast-banner-title-visibility":"","ast-main-header-display":"","ast-hfb-above-header-display":"","ast-hfb-below-header-display":"","ast-hfb-mobile-header-display":"","site-post-title":"disabled","ast-breadcrumbs-content":"","ast-featured-img":"disabled","footer-sml-layout":"","ast-disable-related-posts":"","theme-transparent-header-meta":"","adv-header-id-meta":"","stick-header-meta":"","header-above-stick-meta":"","header-main-stick-meta":"","header-below-stick-meta":"","astra-migrate-meta-layouts":"default","ast-page-background-enabled":"default","ast-page-background-meta":{"desktop":{"background-color":"var(--ast-global-color-4)","background-image":"","background-repeat":"repeat","background-position":"center center","background-size":"auto","background-attachment":"scroll","background-type":"","background-media":"","overlay-type":"","overlay-color":"","overlay-opacity":"","overlay-gradient":""},"tablet":{"background-color":"","background-image":"","background-repeat":"repeat","background-position":"center center","background-size":"auto","background-attachment":"scroll","background-type":"","background-media":"","overlay-type":"","overlay-color":"","overlay-opacity":"","overlay-gradient":""},"mobile":{"background-color":"","background-image":"","background-repeat":"repeat","background-position":"center center","background-size":"auto","background-attachment":"scroll","background-type":"","background-media":"","overlay-type":"","overlay-color":"","overlay-opacity":"","overlay-gradient":""}},"ast-content-background-meta":{"desktop":{"background-color":"var(--ast-global-color-5)","background-image":"","background-repeat":"repeat","background-position":"center center","background-size":"auto","background-attachment":"scroll","background-type":"","background-media":"","overlay-type":"","overlay-color":"","overlay-opacity":"","overlay-gradient":""},"tablet":{"background-color":"var(--ast-global-color-5)","background-image":"","background-repeat":"repeat","background-position":"center center","background-size":"auto","background-attachment":"scroll","background-type":"","background-media":"","overlay-type":"","overlay-color":"","overlay-opacity":"","overlay-gradient":""},"mobile":{"background-color":"var(--ast-global-color-5)","background-image":"","background-repeat":"repeat","background-position":"center center","background-size":"auto","background-attachment":"scroll","background-type":"","background-media":"","overlay-type":"","overlay-color":"","overlay-opacity":"","overlay-gradient":""}},"_themeisle_gutenberg_block_has_review":false,"footnotes":""},"class_list":["post-749","page","type-page","status-publish","hentry"],"_links":{"self":[{"href":"https:\/\/cosybloom.ch\/de\/wp-json\/wp\/v2\/pages\/749","targetHints":{"allow":["GET"]}}],"collection":[{"href":"https:\/\/cosybloom.ch\/de\/wp-json\/wp\/v2\/pages"}],"about":[{"href":"https:\/\/cosybloom.ch\/de\/wp-json\/wp\/v2\/types\/page"}],"author":[{"embeddable":true,"href":"https:\/\/cosybloom.ch\/de\/wp-json\/wp\/v2\/users\/1"}],"replies":[{"embeddable":true,"href":"https:\/\/cosybloom.ch\/de\/wp-json\/wp\/v2\/comments?post=749"}],"version-history":[{"count":23,"href":"https:\/\/cosybloom.ch\/de\/wp-json\/wp\/v2\/pages\/749\/revisions"}],"predecessor-version":[{"id":1224,"href":"https:\/\/cosybloom.ch\/de\/wp-json\/wp\/v2\/pages\/749\/revisions\/1224"}],"wp:attachment":[{"href":"https:\/\/cosybloom.ch\/de\/wp-json\/wp\/v2\/media?parent=749"}],"curies":[{"name":"wp","href":"https:\/\/api.w.org\/{rel}","templated":true}]}}